{"id":162,"date":"2025-11-25T22:40:30","date_gmt":"2025-11-25T21:40:30","guid":{"rendered":"https:\/\/www.latelierfestif.com\/shop\/?post_type=product&#038;p=162"},"modified":"2026-01-18T21:44:30","modified_gmt":"2026-01-18T20:44:30","slug":"village-de-noel-miniature-petit-manege","status":"publish","type":"product","link":"https:\/\/www.latelierfestif.com\/shop\/inspiration\/village-de-noel-miniature-petit-manege\/","title":{"rendered":"Village de no\u00ebl miniature petit man\u00e8ge"},"content":{"rendered":"","protected":false},"excerpt":{"rendered":"<p>Le <strong>petit man\u00e8ge de la collection LuVille Originals<\/strong> apporte une touche pleine de charme \u00e0 votre village de No\u00ebl miniature. Avec ses quatre voiturettes \u2013 un tra\u00eeneau, une voiture, un scooter et un cheval blanc \u2013 il recr\u00e9e l\u2019ambiance joyeuse d\u2019une f\u00eate foraine hivernale.<\/p>\n<p>Son sommet illumin\u00e9 d\u2019une douce lumi\u00e8re blanc chaud et sa guirlande de petites lumi\u00e8res color\u00e9es qui clignotent doucement renforcent l\u2019effet f\u00e9erique, id\u00e9al pour donner vie \u00e0 une sc\u00e8ne anim\u00e9e et chaleureuse. Le man\u00e8ge tourne avec fluidit\u00e9, cr\u00e9ant un mouvement continu qui attire l\u2019\u0153il et enrichit la mise en sc\u00e8ne.<\/p>\n<p>Fonctionnant avec trois piles AAA ou via adaptateur (optionnel), il s\u2019int\u00e8gre facilement \u00e0 tous les d\u00e9cors gr\u00e2ce \u00e0 son format compact. S\u00e9lectionn\u00e9 par L\u2019Atelier Festif pour son style authentique et sa finition soign\u00e9e, ce petit carrousel devient une pi\u00e8ce incontournable pour compl\u00e9ter un village miniature vivant et rempli de po\u00e9sie.<\/p>\n","protected":false},"featured_media":163,"comment_status":"closed","ping_status":"closed","template":"","meta":{"wds_primary_product_brand":0,"wds_primary_product_cat":0},"product_brand":[40],"product_cat":[54],"product_tag":[41],"class_list":{"0":"post-162","1":"product","2":"type-product","3":"status-publish","4":"has-post-thumbnail","6":"product_brand-luville","7":"product_cat-decoration-de-salle","8":"product_tag-village-de-noel","10":"first","11":"instock","12":"shipping-taxable","13":"product-type-external"},"_links":{"self":[{"href":"https:\/\/www.latelierfestif.com\/shop\/wp-json\/wp\/v2\/product\/162","targetHints":{"allow":["GET"]}}],"collection":[{"href":"https:\/\/www.latelierfestif.com\/shop\/wp-json\/wp\/v2\/product"}],"about":[{"href":"https:\/\/www.latelierfestif.com\/shop\/wp-json\/wp\/v2\/types\/product"}],"replies":[{"embeddable":true,"href":"https:\/\/www.latelierfestif.com\/shop\/wp-json\/wp\/v2\/comments?post=162"}],"wp:featuredmedia":[{"embeddable":true,"href":"https:\/\/www.latelierfestif.com\/shop\/wp-json\/wp\/v2\/media\/163"}],"wp:attachment":[{"href":"https:\/\/www.latelierfestif.com\/shop\/wp-json\/wp\/v2\/media?parent=162"}],"wp:term":[{"taxonomy":"product_brand","embeddable":true,"href":"https:\/\/www.latelierfestif.com\/shop\/wp-json\/wp\/v2\/product_brand?post=162"},{"taxonomy":"product_cat","embeddable":true,"href":"https:\/\/www.latelierfestif.com\/shop\/wp-json\/wp\/v2\/product_cat?post=162"},{"taxonomy":"product_tag","embeddable":true,"href":"https:\/\/www.latelierfestif.com\/shop\/wp-json\/wp\/v2\/product_tag?post=162"}],"curies":[{"name":"wp","href":"https:\/\/api.w.org\/{rel}","templated":true}]}}