{"id":35405,"date":"2026-05-09T18:56:10","date_gmt":"2026-05-09T17:56:10","guid":{"rendered":"https:\/\/www.latelierfestif.com\/locations\/?post_type=product&#038;p=35405"},"modified":"2026-05-09T18:58:24","modified_gmt":"2026-05-09T17:58:24","slug":"decor-libellule","status":"publish","type":"product","link":"https:\/\/www.latelierfestif.com\/locations\/produit\/decor-libellule\/","title":{"rendered":"D\u00e9cor libellule"},"content":{"rendered":"<p data-start=\"50\" data-end=\"327\">Apportez une touche po\u00e9tique et originale \u00e0 votre d\u00e9coration avec notre <strong data-start=\"122\" data-end=\"159\">libellule d\u00e9corative grand format<\/strong>, disponible \u00e0 la location. Avec ses teintes violet, bleu et rose poudr\u00e9, elle apporte imm\u00e9diatement un effet visuel \u00e9l\u00e9gant, f\u00e9erique et raffin\u00e9 \u00e0 votre mise en sc\u00e8ne.<\/p>\n<p data-start=\"329\" data-end=\"607\">R\u00e9alis\u00e9e en <strong data-start=\"341\" data-end=\"353\">PVC 5 mm<\/strong>, cette libellule est l\u00e9g\u00e8re tout en offrant une belle tenue visuelle. Son format de <strong data-start=\"438\" data-end=\"453\">110 x 97 cm<\/strong> permet de l\u2019utiliser comme \u00e9l\u00e9ment central ou comme d\u00e9tail d\u00e9coratif marquant sur un backdrop, un panneau, une arche de ballons ou un d\u00e9cor personnalis\u00e9.<\/p>\n<p data-start=\"609\" data-end=\"969\">Chez <strong data-start=\"614\" data-end=\"634\">L\u2019Atelier Festif<\/strong>, nous l\u2019utilisons pour cr\u00e9er des d\u00e9cors doux, f\u00e9minins et immersifs autour des th\u00e8mes <strong data-start=\"721\" data-end=\"798\">papillons, fleurs, jardin enchant\u00e9, printemps, nature ou univers f\u00e9erique<\/strong>. Elle est parfaite pour un anniversaire, une baby shower, un bapt\u00eame, une communion, un photocall, une entr\u00e9e de salle ou un \u00e9v\u00e9nement professionnel \u00e0 l\u2019ambiance florale.<\/p>\n<p data-start=\"971\" data-end=\"1182\">Elle peut \u00eatre associ\u00e9e \u00e0 une guirlande organique de ballons, des panneaux personnalis\u00e9s, des fleurs, des feuillages, des colonnes ou un d\u00e9cor photo pour cr\u00e9er une mise en sc\u00e8ne harmonieuse et tr\u00e8s photog\u00e9nique.<\/p>\n<p data-start=\"971\" data-end=\"1182\">Nous pouvons \u00e9galement r\u00e9aliser une <strong data-start=\"1007\" data-end=\"1088\">d\u00e9coration personnalis\u00e9e selon votre th\u00e8me, vos couleurs et vos envies<\/strong>\u00a0gr\u00e2ce \u00e0 nos services \u00e9v\u00e9nementiels. La libellule peut \u00eatre int\u00e9gr\u00e9e dans une mise en sc\u00e8ne compl\u00e8te avec ballons, fleurs, panneaux d\u00e9coratifs, backdrop, colonnes ou autres \u00e9l\u00e9ments de d\u00e9coration afin de cr\u00e9er un d\u00e9cor unique et harmonieux.<\/p>\n","protected":false},"excerpt":{"rendered":"<p>Location de <strong data-start=\"1224\" data-end=\"1273\">libellule d\u00e9corative grand format en PVC 5 mm<\/strong>, id\u00e9ale pour un anniversaire, bapt\u00eame, baby shower, photocall ou d\u00e9cor th\u00e8me papillons et fleurs. Dimensions <strong data-start=\"1383\" data-end=\"1398\">110 x 97 cm<\/strong>, parfaite pour habiller un backdrop, une arche de ballons ou un d\u00e9cor \u00e9v\u00e9nementiel.<\/p>\n","protected":false},"featured_media":35407,"comment_status":"closed","ping_status":"closed","template":"","meta":{"wds_primary_product_brand":0,"wds_primary_product_cat":45},"product_brand":[142],"product_cat":[44,45],"product_tag":[26,41,199],"class_list":{"0":"post-35405","1":"product","2":"type-product","3":"status-publish","4":"has-post-thumbnail","6":"product_brand-latelier-festif","7":"product_cat-decoration","8":"product_cat-elements-de-decoration","9":"product_tag-anniversaire","10":"product_tag-bapteme","11":"product_tag-theme-feerique","13":"first","14":"instock","15":"shipping-taxable","16":"purchasable","17":"product-type-simple"},"_links":{"self":[{"href":"https:\/\/www.latelierfestif.com\/locations\/wp-json\/wp\/v2\/product\/35405","targetHints":{"allow":["GET"]}}],"collection":[{"href":"https:\/\/www.latelierfestif.com\/locations\/wp-json\/wp\/v2\/product"}],"about":[{"href":"https:\/\/www.latelierfestif.com\/locations\/wp-json\/wp\/v2\/types\/product"}],"replies":[{"embeddable":true,"href":"https:\/\/www.latelierfestif.com\/locations\/wp-json\/wp\/v2\/comments?post=35405"}],"wp:featuredmedia":[{"embeddable":true,"href":"https:\/\/www.latelierfestif.com\/locations\/wp-json\/wp\/v2\/media\/35407"}],"wp:attachment":[{"href":"https:\/\/www.latelierfestif.com\/locations\/wp-json\/wp\/v2\/media?parent=35405"}],"wp:term":[{"taxonomy":"product_brand","embeddable":true,"href":"https:\/\/www.latelierfestif.com\/locations\/wp-json\/wp\/v2\/product_brand?post=35405"},{"taxonomy":"product_cat","embeddable":true,"href":"https:\/\/www.latelierfestif.com\/locations\/wp-json\/wp\/v2\/product_cat?post=35405"},{"taxonomy":"product_tag","embeddable":true,"href":"https:\/\/www.latelierfestif.com\/locations\/wp-json\/wp\/v2\/product_tag?post=35405"}],"curies":[{"name":"wp","href":"https:\/\/api.w.org\/{rel}","templated":true}]}}