{"id":35378,"date":"2026-05-09T14:45:29","date_gmt":"2026-05-09T13:45:29","guid":{"rendered":"https:\/\/www.latelierfestif.com\/locations\/?post_type=product&#038;p=35378"},"modified":"2026-05-09T14:45:34","modified_gmt":"2026-05-09T13:45:34","slug":"arche-ronde-professionnelle-en-metal-blanc","status":"publish","type":"product","link":"https:\/\/www.latelierfestif.com\/locations\/produit\/arche-ronde-professionnelle-en-metal-blanc\/","title":{"rendered":"Arche ronde professionnelle en m\u00e9tal blanc"},"content":{"rendered":"<p data-start=\"74\" data-end=\"336\">Apportez une touche moderne, douce et \u00e9l\u00e9gante \u00e0 votre d\u00e9coration avec notre <strong data-start=\"151\" data-end=\"199\">arche ronde en m\u00e9tal blanc avec pied central<\/strong>, disponible \u00e0 la location. Sa forme circulaire est id\u00e9ale pour cr\u00e9er une jolie mise en sc\u00e8ne lors d\u2019un \u00e9v\u00e9nement priv\u00e9 ou professionnel.<\/p>\n<p data-start=\"338\" data-end=\"680\">Contrairement \u00e0 notre autre arche ronde en m\u00e9tal blanc \u00e9quip\u00e9e de <strong data-start=\"404\" data-end=\"427\">deux pieds lat\u00e9raux<\/strong>, ce mod\u00e8le dispose d\u2019un <strong data-start=\"452\" data-end=\"472\">pied central bas<\/strong>, plus discret visuellement. Cette diff\u00e9rence lui donne un rendu plus \u00e9pur\u00e9 et permet de cr\u00e9er un d\u00e9cor plus l\u00e9ger, notamment lorsqu\u2019elle est habill\u00e9e avec des ballons, des fleurs, du feuillage ou un voilage.<\/p>\n<p data-start=\"682\" data-end=\"1016\">Cette arche peut \u00eatre utilis\u00e9e comme support pour une <strong data-start=\"736\" data-end=\"770\">guirlande organique de ballons<\/strong>, un d\u00e9cor floral, un fond photo, un photocall, un espace g\u00e2teau, une entr\u00e9e de salle ou une mise en sc\u00e8ne de c\u00e9r\u00e9monie. Son design sobre permet de l\u2019adapter \u00e0 diff\u00e9rents univers : romantique, boh\u00e8me, champ\u00eatre, pastel, moderne, chic ou enfantin.<\/p>\n<p data-start=\"1018\" data-end=\"1334\">Chez <strong data-start=\"1023\" data-end=\"1043\">L\u2019Atelier Festif<\/strong>, nous la proposons pour les mariages, anniversaires, bapt\u00eames, baby showers, gender reveals, communions, arbres de No\u00ebl, soir\u00e9es priv\u00e9es et \u00e9v\u00e9nements d\u2019entreprise. Elle peut \u00eatre lou\u00e9e seule ou associ\u00e9e \u00e0 une prestation de d\u00e9coration en ballons pour cr\u00e9er un d\u00e9cor complet et personnalis\u00e9.<\/p>\n","protected":false},"excerpt":{"rendered":"<p>Location d\u2019<strong data-start=\"1375\" data-end=\"1423\">arche ronde en m\u00e9tal blanc avec pied central<\/strong> pour mariage, anniversaire, bapt\u00eame, baby shower, gender reveal et \u00e9v\u00e9nement professionnel. Un support \u00e9l\u00e9gant et discret pour cr\u00e9er une arche de ballons, un fond photo ou un d\u00e9cor \u00e9v\u00e9nementiel personnalis\u00e9<\/p>\n","protected":false},"featured_media":35380,"comment_status":"closed","ping_status":"closed","template":"","meta":{"wds_primary_product_brand":0,"wds_primary_product_cat":0},"product_brand":[142],"product_cat":[61],"product_tag":[26,58,41,43],"class_list":{"0":"post-35378","1":"product","2":"type-product","3":"status-publish","4":"has-post-thumbnail","6":"product_brand-latelier-festif","7":"product_cat-backdrops-et-arches","8":"product_tag-anniversaire","9":"product_tag-baby-shower","10":"product_tag-bapteme","11":"product_tag-mariage","13":"first","14":"instock","15":"shipping-taxable","16":"purchasable","17":"product-type-simple"},"_links":{"self":[{"href":"https:\/\/www.latelierfestif.com\/locations\/wp-json\/wp\/v2\/product\/35378","targetHints":{"allow":["GET"]}}],"collection":[{"href":"https:\/\/www.latelierfestif.com\/locations\/wp-json\/wp\/v2\/product"}],"about":[{"href":"https:\/\/www.latelierfestif.com\/locations\/wp-json\/wp\/v2\/types\/product"}],"replies":[{"embeddable":true,"href":"https:\/\/www.latelierfestif.com\/locations\/wp-json\/wp\/v2\/comments?post=35378"}],"wp:featuredmedia":[{"embeddable":true,"href":"https:\/\/www.latelierfestif.com\/locations\/wp-json\/wp\/v2\/media\/35380"}],"wp:attachment":[{"href":"https:\/\/www.latelierfestif.com\/locations\/wp-json\/wp\/v2\/media?parent=35378"}],"wp:term":[{"taxonomy":"product_brand","embeddable":true,"href":"https:\/\/www.latelierfestif.com\/locations\/wp-json\/wp\/v2\/product_brand?post=35378"},{"taxonomy":"product_cat","embeddable":true,"href":"https:\/\/www.latelierfestif.com\/locations\/wp-json\/wp\/v2\/product_cat?post=35378"},{"taxonomy":"product_tag","embeddable":true,"href":"https:\/\/www.latelierfestif.com\/locations\/wp-json\/wp\/v2\/product_tag?post=35378"}],"curies":[{"name":"wp","href":"https:\/\/api.w.org\/{rel}","templated":true}]}}