{"id":35327,"date":"2026-05-09T08:11:16","date_gmt":"2026-05-09T07:11:16","guid":{"rendered":"https:\/\/www.latelierfestif.com\/locations\/?post_type=product&#038;p=35327"},"modified":"2026-05-09T08:23:14","modified_gmt":"2026-05-09T07:23:14","slug":"barre-avant-pour-structure-rideaux-evenementielle","status":"publish","type":"product","link":"https:\/\/www.latelierfestif.com\/locations\/produit\/barre-avant-pour-structure-rideaux-evenementielle\/","title":{"rendered":"Barre avant pour structure rideaux \u00e9v\u00e9nementielle"},"content":{"rendered":"<p data-start=\"73\" data-end=\"361\">Apportez une finition plus \u00e9l\u00e9gante \u00e0 votre d\u00e9cor avec notre <strong data-start=\"134\" data-end=\"186\">barre transversale avant pour structure backdrop<\/strong>, disponible \u00e0 la location. Cet accessoire se fixe sur une structure t\u00e9lescopique afin d\u2019ajouter un rideau en fa\u00e7ade et de masquer les barres lat\u00e9rales visibles sur les c\u00f4t\u00e9s.<\/p>\n<p data-start=\"363\" data-end=\"710\">Tr\u00e8s pratique pour obtenir un rendu plus soign\u00e9, cette barre permet de cr\u00e9er un v\u00e9ritable fond d\u00e9coratif fluide et harmonieux. Elle est id\u00e9ale lorsque vous souhaitez installer des<strong> rideaux \u00e9v\u00e9nementiel<\/strong>, voilages ou tissus d\u00e9coratifs devant la structure, tout en conservant un aspect plus esth\u00e9tique pour vos photos, <strong>photocall<\/strong> ou mises en <strong>sc\u00e8ne \u00e9v\u00e9nementielles<\/strong>.<\/p>\n<p data-start=\"712\" data-end=\"1014\">Avec sa longueur r\u00e9glable de <strong data-start=\"741\" data-end=\"760\">2,40 m \u00e0 4,20 m<\/strong>, elle s\u2019adapte facilement \u00e0 diff\u00e9rentes largeurs de structures et \u00e0 plusieurs configurations de d\u00e9cor. Elle peut \u00eatre utilis\u00e9e pour un<strong> mariage<\/strong>, un anniversaire, un bapt\u00eame, une baby shower, une c\u00e9r\u00e9monie, une soir\u00e9e priv\u00e9e ou un \u00e9v\u00e9nement professionnel.<\/p>\n<p data-start=\"1016\" data-end=\"1299\">Chez <strong data-start=\"1021\" data-end=\"1041\">L\u2019Atelier Festif<\/strong>, cette barre de finition est id\u00e9ale pour obtenir un rendu plus professionnel, notamment avec des rideaux blancs, des voilages, un mur de tissu ou un backdrop d\u00e9coratif. Elle permet de cacher la structure technique tout en mettant en valeur votre d\u00e9coration.<\/p>\n","protected":false},"excerpt":{"rendered":"<p>Location de barre transversale avant r\u00e9glable de <strong data-start=\"1378\" data-end=\"1397\">2,40 m \u00e0 4,20 m<\/strong> pour structure backdrop et rideaux. Id\u00e9ale pour ajouter un rideau en fa\u00e7ade, masquer les barres lat\u00e9rales et cr\u00e9er un fond photo \u00e9l\u00e9gant pour mariage, anniversaire, bapt\u00eame, baby shower ou \u00e9v\u00e9nement professionnel.<\/p>\n","protected":false},"featured_media":35339,"comment_status":"closed","ping_status":"closed","template":"","meta":{"wds_primary_product_brand":0,"wds_primary_product_cat":0},"product_brand":[142],"product_cat":[61,62],"product_tag":[26,43],"class_list":{"0":"post-35327","1":"product","2":"type-product","3":"status-publish","4":"has-post-thumbnail","6":"product_brand-latelier-festif","7":"product_cat-backdrops-et-arches","8":"product_cat-decoration-mur-plafond","9":"product_tag-anniversaire","10":"product_tag-mariage","12":"first","13":"instock","14":"shipping-taxable","15":"purchasable","16":"product-type-simple"},"_links":{"self":[{"href":"https:\/\/www.latelierfestif.com\/locations\/wp-json\/wp\/v2\/product\/35327","targetHints":{"allow":["GET"]}}],"collection":[{"href":"https:\/\/www.latelierfestif.com\/locations\/wp-json\/wp\/v2\/product"}],"about":[{"href":"https:\/\/www.latelierfestif.com\/locations\/wp-json\/wp\/v2\/types\/product"}],"replies":[{"embeddable":true,"href":"https:\/\/www.latelierfestif.com\/locations\/wp-json\/wp\/v2\/comments?post=35327"}],"wp:featuredmedia":[{"embeddable":true,"href":"https:\/\/www.latelierfestif.com\/locations\/wp-json\/wp\/v2\/media\/35339"}],"wp:attachment":[{"href":"https:\/\/www.latelierfestif.com\/locations\/wp-json\/wp\/v2\/media?parent=35327"}],"wp:term":[{"taxonomy":"product_brand","embeddable":true,"href":"https:\/\/www.latelierfestif.com\/locations\/wp-json\/wp\/v2\/product_brand?post=35327"},{"taxonomy":"product_cat","embeddable":true,"href":"https:\/\/www.latelierfestif.com\/locations\/wp-json\/wp\/v2\/product_cat?post=35327"},{"taxonomy":"product_tag","embeddable":true,"href":"https:\/\/www.latelierfestif.com\/locations\/wp-json\/wp\/v2\/product_tag?post=35327"}],"curies":[{"name":"wp","href":"https:\/\/api.w.org\/{rel}","templated":true}]}}