{"id":35321,"date":"2026-05-09T06:28:42","date_gmt":"2026-05-09T05:28:42","guid":{"rendered":"https:\/\/www.latelierfestif.com\/locations\/?post_type=product&#038;p=35321"},"modified":"2026-05-09T06:29:22","modified_gmt":"2026-05-09T05:29:22","slug":"structure-reglable-pour-rideaux","status":"publish","type":"product","link":"https:\/\/www.latelierfestif.com\/locations\/produit\/structure-reglable-pour-rideaux\/","title":{"rendered":"Structure r\u00e9glable pour rideaux"},"content":{"rendered":"<p data-start=\"74\" data-end=\"423\">Cr\u00e9ez facilement un fond d\u00e9coratif \u00e9l\u00e9gant et professionnel avec notre <strong data-start=\"145\" data-end=\"196\">structure t\u00e9lescopique pour rideaux et backdrop<\/strong>, disponible \u00e0 la location. Pratique, stable et r\u00e9glable, elle permet d\u2019installer un d\u00e9cor de fond pour vos \u00e9v\u00e9nements : rideaux, voilages, mur de sequins, fond photo, photocall, arche de ballons ou mise en sc\u00e8ne personnalis\u00e9e.<\/p>\n<p data-start=\"425\" data-end=\"737\">Chez <strong data-start=\"430\" data-end=\"450\">L\u2019Atelier Festif<\/strong>, cette structure fait partie des indispensables pour transformer un espace simple en v\u00e9ritable d\u00e9cor \u00e9v\u00e9nementiel. Elle permet de cacher un mur, d\u00e9limiter un espace, cr\u00e9er un fond photo ou mettre en valeur une table, un g\u00e2teau, un espace c\u00e9r\u00e9monie, un coin cadeau ou une zone d\u2019accueil.<\/p>\n<p data-start=\"739\" data-end=\"1055\">Gr\u00e2ce \u00e0 son format r\u00e9glable, elle s\u2019adapte \u00e0 diff\u00e9rents lieux et configurations. Sa largeur peut aller de <strong data-start=\"845\" data-end=\"864\">2,40 m \u00e0 4,20 m<\/strong>, et sa hauteur de <strong data-start=\"883\" data-end=\"902\">1,80 m \u00e0 3,00 m<\/strong>, ce qui permet de cr\u00e9er aussi bien un petit fond d\u00e9coratif qu\u2019un grand d\u00e9cor visuel pour une r\u00e9ception, une soir\u00e9e priv\u00e9e ou un \u00e9v\u00e9nement professionnel.<\/p>\n<p data-start=\"1057\" data-end=\"1415\">Cette structure autoportante est id\u00e9ale pour les <strong data-start=\"1106\" data-end=\"1251\">mariages, anniversaires, bapt\u00eames, baby showers, communions, soir\u00e9es d\u2019entreprise, arbres de No\u00ebl, salons, inaugurations et \u00e9v\u00e9nements priv\u00e9s<\/strong>. Elle peut \u00eatre utilis\u00e9e seule ou compl\u00e9t\u00e9e avec nos rideaux, voilages, panneaux d\u00e9coratifs, ballons, n\u00e9ons ou murs de sequins pour un rendu encore plus travaill\u00e9.<\/p>\n","protected":false},"excerpt":{"rendered":"<p><strong>Location de structure t\u00e9lescopique pour rideaux<\/strong>, backdrop, fond photo, photocall et d\u00e9coration \u00e9v\u00e9nementielle. R\u00e9glable en largeur de 2,40 m \u00e0 4,20 m et en hauteur de 1,80 m \u00e0 3,00 m, elle est id\u00e9ale pour cr\u00e9er un d\u00e9cor de fond \u00e9l\u00e9gant lors d\u2019un mariage, anniversaire, bapt\u00eame, baby shower, \u00e9v\u00e9nement professionnel ou soir\u00e9e priv\u00e9e.<\/p>\n","protected":false},"featured_media":35323,"comment_status":"closed","ping_status":"closed","template":"","meta":{"wds_primary_product_brand":0,"wds_primary_product_cat":0},"product_brand":[142],"product_cat":[61,62],"product_tag":[26,43,198],"class_list":{"0":"post-35321","1":"product","2":"type-product","3":"status-publish","4":"has-post-thumbnail","6":"product_brand-latelier-festif","7":"product_cat-backdrops-et-arches","8":"product_cat-decoration-mur-plafond","9":"product_tag-anniversaire","10":"product_tag-mariage","11":"product_tag-photocall","13":"first","14":"instock","15":"shipping-taxable","16":"purchasable","17":"product-type-simple"},"_links":{"self":[{"href":"https:\/\/www.latelierfestif.com\/locations\/wp-json\/wp\/v2\/product\/35321","targetHints":{"allow":["GET"]}}],"collection":[{"href":"https:\/\/www.latelierfestif.com\/locations\/wp-json\/wp\/v2\/product"}],"about":[{"href":"https:\/\/www.latelierfestif.com\/locations\/wp-json\/wp\/v2\/types\/product"}],"replies":[{"embeddable":true,"href":"https:\/\/www.latelierfestif.com\/locations\/wp-json\/wp\/v2\/comments?post=35321"}],"wp:featuredmedia":[{"embeddable":true,"href":"https:\/\/www.latelierfestif.com\/locations\/wp-json\/wp\/v2\/media\/35323"}],"wp:attachment":[{"href":"https:\/\/www.latelierfestif.com\/locations\/wp-json\/wp\/v2\/media?parent=35321"}],"wp:term":[{"taxonomy":"product_brand","embeddable":true,"href":"https:\/\/www.latelierfestif.com\/locations\/wp-json\/wp\/v2\/product_brand?post=35321"},{"taxonomy":"product_cat","embeddable":true,"href":"https:\/\/www.latelierfestif.com\/locations\/wp-json\/wp\/v2\/product_cat?post=35321"},{"taxonomy":"product_tag","embeddable":true,"href":"https:\/\/www.latelierfestif.com\/locations\/wp-json\/wp\/v2\/product_tag?post=35321"}],"curies":[{"name":"wp","href":"https:\/\/api.w.org\/{rel}","templated":true}]}}