{"id":35086,"date":"2026-05-05T12:46:02","date_gmt":"2026-05-05T11:46:02","guid":{"rendered":"https:\/\/www.latelierfestif.com\/locations\/?post_type=product&#038;p=35086"},"modified":"2026-05-05T12:46:45","modified_gmt":"2026-05-05T11:46:45","slug":"baby-foot-noir","status":"publish","type":"product","link":"https:\/\/www.latelierfestif.com\/locations\/produit\/baby-foot-noir\/","title":{"rendered":"Baby-foot Noir"},"content":{"rendered":"<p data-start=\"148\" data-end=\"547\">Avec son allure noire contemporaine et ses finitions soign\u00e9es, notre baby-foot Match Ren\u00e9 Pierre apporte imm\u00e9diatement du caract\u00e8re \u00e0 votre \u00e9v\u00e9nement. Plus qu\u2019un simple jeu, il devient un v\u00e9ritable point de rencontre : on s\u2019y d\u00e9fie, on rit, on encourage, on partage un moment simple et spontan\u00e9. C\u2019est l\u2019animation id\u00e9ale pour cr\u00e9er une ambiance d\u00e9tendue tout en conservant une pr\u00e9sentation \u00e9l\u00e9gante.<\/p>\n<p data-start=\"549\" data-end=\"895\">Chez <strong data-start=\"554\" data-end=\"574\">L\u2019Atelier Festif<\/strong>, nous l\u2019avons s\u00e9lectionn\u00e9 pour son style moderne, parfaitement adapt\u00e9 aux \u00e9v\u00e9nements d\u2019entreprise, soir\u00e9es priv\u00e9es, salons, team building, cocktails ou espaces d\u00e9tente. Son design sobre lui permet de s\u2019int\u00e9grer facilement dans une d\u00e9coration chic, professionnelle ou festive, sans d\u00e9naturer l\u2019univers de votre r\u00e9ception.<\/p>\n<p data-start=\"897\" data-end=\"1311\">Robuste et agr\u00e9able \u00e0 jouer, ce baby-foot offre de vraies sensations de partie gr\u00e2ce \u00e0 son pi\u00e8tement renforc\u00e9, ses barres t\u00e9lescopiques haute r\u00e9sistance, ses joueurs en m\u00e9tal et son tapis en Gerflex qui favorise des tirs pr\u00e9cis et dynamiques. Les effets sonores de \u00ab gamelles \u00bb et les doubles compteurs de points ajoutent cette petite touche authentique qui pla\u00eet autant aux passionn\u00e9s qu\u2019aux joueurs occasionnels.<\/p>\n<p data-start=\"1313\" data-end=\"1702\" data-is-last-node=\"\" data-is-only-node=\"\">Avec ses dimensions de <strong data-start=\"1336\" data-end=\"1397\">153 cm de longueur, 105 cm de largeur et 90 cm de hauteur<\/strong>, et son poids de <strong data-start=\"1415\" data-end=\"1424\">73 kg<\/strong>, il s\u2019agit d\u2019un \u00e9quipement stable, qualitatif et parfaitement adapt\u00e9 \u00e0 une utilisation \u00e9v\u00e9nementielle. Install\u00e9 dans un espace animation, il attire naturellement les invit\u00e9s et cr\u00e9e une parenth\u00e8se ludique, conviviale et f\u00e9d\u00e9ratrice, aussi appr\u00e9ci\u00e9e des adultes que des enfants.<\/p>\n","protected":false},"excerpt":{"rendered":"<p>Louez notre baby-foot Match Ren\u00e9 Pierre pour apporter une animation chic, conviviale et f\u00e9d\u00e9ratrice \u00e0 votre \u00e9v\u00e9nement. Avec son design noir contemporain, sa grande stabilit\u00e9, ses joueurs en m\u00e9tal et son tapis en Gerflex, il offre une excellente qualit\u00e9 de jeu pour des parties dynamiques entre coll\u00e8gues, amis ou invit\u00e9s. Id\u00e9al pour les soir\u00e9es d\u2019entreprise, team building, salons, f\u00eates priv\u00e9es et \u00e9v\u00e9nements \u00e9l\u00e9gants.<\/p>\n","protected":false},"featured_media":35090,"comment_status":"closed","ping_status":"closed","template":"","meta":{"wds_primary_product_brand":0,"wds_primary_product_cat":0},"product_brand":[142],"product_cat":[47,153],"product_tag":[185,43,170],"class_list":{"0":"post-35086","1":"product","2":"type-product","3":"status-publish","4":"has-post-thumbnail","6":"product_brand-latelier-festif","7":"product_cat-animations","8":"product_cat-jeux-geants","9":"product_tag-animation-mariage","10":"product_tag-mariage","11":"product_tag-seminaire","13":"first","14":"instock","15":"shipping-taxable","16":"purchasable","17":"product-type-simple"},"_links":{"self":[{"href":"https:\/\/www.latelierfestif.com\/locations\/wp-json\/wp\/v2\/product\/35086","targetHints":{"allow":["GET"]}}],"collection":[{"href":"https:\/\/www.latelierfestif.com\/locations\/wp-json\/wp\/v2\/product"}],"about":[{"href":"https:\/\/www.latelierfestif.com\/locations\/wp-json\/wp\/v2\/types\/product"}],"replies":[{"embeddable":true,"href":"https:\/\/www.latelierfestif.com\/locations\/wp-json\/wp\/v2\/comments?post=35086"}],"wp:featuredmedia":[{"embeddable":true,"href":"https:\/\/www.latelierfestif.com\/locations\/wp-json\/wp\/v2\/media\/35090"}],"wp:attachment":[{"href":"https:\/\/www.latelierfestif.com\/locations\/wp-json\/wp\/v2\/media?parent=35086"}],"wp:term":[{"taxonomy":"product_brand","embeddable":true,"href":"https:\/\/www.latelierfestif.com\/locations\/wp-json\/wp\/v2\/product_brand?post=35086"},{"taxonomy":"product_cat","embeddable":true,"href":"https:\/\/www.latelierfestif.com\/locations\/wp-json\/wp\/v2\/product_cat?post=35086"},{"taxonomy":"product_tag","embeddable":true,"href":"https:\/\/www.latelierfestif.com\/locations\/wp-json\/wp\/v2\/product_tag?post=35086"}],"curies":[{"name":"wp","href":"https:\/\/api.w.org\/{rel}","templated":true}]}}