{"id":34870,"date":"2026-04-28T12:12:38","date_gmt":"2026-04-28T11:12:38","guid":{"rendered":"https:\/\/www.latelierfestif.com\/locations\/?post_type=product&#038;p=34870"},"modified":"2026-04-28T12:23:04","modified_gmt":"2026-04-28T11:23:04","slug":"bougie-flambeau-led-vert-sauge","status":"publish","type":"product","link":"https:\/\/www.latelierfestif.com\/locations\/produit\/bougie-flambeau-led-vert-sauge\/","title":{"rendered":"Bougie flambeau led vert sauge"},"content":{"rendered":"<p data-start=\"136\" data-end=\"468\">Apportez une touche douce, \u00e9l\u00e9gante et raffin\u00e9e \u00e0 votre d\u00e9coration avec cette<strong> bougie flambeau LED vert sauge<\/strong>. Sa teinte d\u00e9licate s\u2019int\u00e8gre parfaitement dans les d\u00e9corations de mariage, d\u2019anniversaire, de bapt\u00eame, de communion ou de r\u00e9ception chic, notamment dans les ambiances naturelles, champ\u00eatres, boh\u00e8mes, romantiques ou pastel.<\/p>\n<p data-start=\"470\" data-end=\"792\">Gr\u00e2ce \u00e0 sa flamme 3D r\u00e9aliste, elle reproduit l\u2019effet chaleureux d\u2019une vraie bougie tout en offrant une solution plus pratique et s\u00e9curis\u00e9e pour vos \u00e9v\u00e9nements. Elle permet de cr\u00e9er une <strong>ambiance lumineuse douce et \u00e9l\u00e9gante<\/strong> sur une table d\u2019invit\u00e9s, un centre de table, un buffet, une table d\u2019honneur ou un espace d\u00e9coratif.<\/p>\n<p data-start=\"794\" data-end=\"1093\">Cette bougie est \u00e0 utiliser <strong data-start=\"822\" data-end=\"849\">uniquement en int\u00e9rieur<\/strong>. Elle fonctionne avec <strong data-start=\"872\" data-end=\"886\">2 piles AA<\/strong> et dispose d\u2019un syst\u00e8me simple <strong data-start=\"918\" data-end=\"935\">on\/off switch<\/strong>, permettant de l\u2019allumer et de l\u2019\u00e9teindre facilement. Son format flambeau de 24,5 cm lui donne une belle pr\u00e9sence visuelle, tout en restant sobre et d\u00e9licat.<\/p>\n<p data-start=\"1095\" data-end=\"1284\">Plac\u00e9e dans un joli bougeoir, elle devient un v\u00e9ritable <strong>\u00e9l\u00e9ment d\u00e9coratif<\/strong> pour sublimer vos tables et apporter une ambiance chaleureuse sans fum\u00e9e, sans cire qui coule et sans danger.<\/p>\n<h3 data-section-id=\"o1kh8a\" data-start=\"2160\" data-end=\"2175\">Conseil pro :<\/h3>\n<p data-start=\"2177\" data-end=\"2398\">Pour assurer une bonne tenue de la bougie dans le bougeoir, ajoutez un petit morceau de film alimentaire transparent autour du socle de la bougie. Cela permet de la caler discr\u00e8tement, sans ab\u00eemer la bougie ni le support.<\/p>\n","protected":false},"excerpt":{"rendered":"<p>Bougie flambeau LED vert sauge de 24,5 cm, id\u00e9ale pour une d\u00e9coration de table \u00e9l\u00e9gante lors d\u2019un mariage, anniversaire, bapt\u00eame ou r\u00e9ception. Sa flamme 3D r\u00e9aliste apporte une ambiance chaleureuse et raffin\u00e9e, sans vraie flamme ni cire qui coule. Un gain de temps pour le nettoyage et sans danger. Utilisation int\u00e9rieure uniquement.<\/p>\n","protected":false},"featured_media":34871,"comment_status":"closed","ping_status":"closed","template":"","meta":{"wds_primary_product_brand":0,"wds_primary_product_cat":0},"product_brand":[142],"product_cat":[168,156],"product_tag":[26,43,170],"class_list":{"0":"post-34870","1":"product","2":"type-product","3":"status-publish","4":"has-post-thumbnail","6":"product_brand-latelier-festif","7":"product_cat-accessoires-de-tables","8":"product_cat-eclairage","9":"product_tag-anniversaire","10":"product_tag-mariage","11":"product_tag-seminaire","13":"first","14":"instock","15":"shipping-taxable","16":"purchasable","17":"product-type-simple"},"_links":{"self":[{"href":"https:\/\/www.latelierfestif.com\/locations\/wp-json\/wp\/v2\/product\/34870","targetHints":{"allow":["GET"]}}],"collection":[{"href":"https:\/\/www.latelierfestif.com\/locations\/wp-json\/wp\/v2\/product"}],"about":[{"href":"https:\/\/www.latelierfestif.com\/locations\/wp-json\/wp\/v2\/types\/product"}],"replies":[{"embeddable":true,"href":"https:\/\/www.latelierfestif.com\/locations\/wp-json\/wp\/v2\/comments?post=34870"}],"wp:featuredmedia":[{"embeddable":true,"href":"https:\/\/www.latelierfestif.com\/locations\/wp-json\/wp\/v2\/media\/34871"}],"wp:attachment":[{"href":"https:\/\/www.latelierfestif.com\/locations\/wp-json\/wp\/v2\/media?parent=34870"}],"wp:term":[{"taxonomy":"product_brand","embeddable":true,"href":"https:\/\/www.latelierfestif.com\/locations\/wp-json\/wp\/v2\/product_brand?post=34870"},{"taxonomy":"product_cat","embeddable":true,"href":"https:\/\/www.latelierfestif.com\/locations\/wp-json\/wp\/v2\/product_cat?post=34870"},{"taxonomy":"product_tag","embeddable":true,"href":"https:\/\/www.latelierfestif.com\/locations\/wp-json\/wp\/v2\/product_tag?post=34870"}],"curies":[{"name":"wp","href":"https:\/\/api.w.org\/{rel}","templated":true}]}}