{"id":34684,"date":"2026-04-02T14:34:51","date_gmt":"2026-04-02T13:34:51","guid":{"rendered":"https:\/\/www.latelierfestif.com\/locations\/?post_type=product&#038;p=34684"},"modified":"2026-04-02T14:36:59","modified_gmt":"2026-04-02T13:36:59","slug":"jeu-de-construction-de-cabanes-enfants","status":"publish","type":"product","link":"https:\/\/www.latelierfestif.com\/locations\/produit\/jeu-de-construction-de-cabanes-enfants\/","title":{"rendered":"Jeu de construction de cabanes enfants"},"content":{"rendered":"<p data-start=\"671\" data-end=\"1022\">Offrez aux enfants une<strong> animation aussi amusante qu\u2019intelligente<\/strong> avec la <strong data-start=\"743\" data-end=\"792\">location de ce jeu de construction de cabanes<\/strong>. Con\u00e7u pour stimuler l\u2019imagination, la coop\u00e9ration et la cr\u00e9ativit\u00e9, ce jeu permet aux enfants de construire ensemble une multitude de formes et de structures : cabanes, tunnels, maisons, tours ou encore espaces de jeu \u00e9ph\u00e9m\u00e8res.<\/p>\n<p data-start=\"1024\" data-end=\"1447\">Cette <strong>animation enfantine<\/strong> est id\u00e9ale pour cr\u00e9er un <strong>espace ludique<\/strong>, calme et participatif lors de nombreux \u00e9v\u00e9nements. Les enfants manipulent les b\u00e2tons et connecteurs pour assembler leur propre construction, seul ou en groupe, tout en d\u00e9veloppant leur sens de l\u2019observation, leur<strong> motricit\u00e9<\/strong> et leur <strong>esprit d\u2019\u00e9quipe<\/strong>. Le jeu devient alors une v\u00e9ritable activit\u00e9 cr\u00e9ative qui favorise l\u2019autonomie et les \u00e9changes entre enfants.<\/p>\n<p data-start=\"1449\" data-end=\"1802\">Le <strong data-start=\"1452\" data-end=\"1486\">jeu de construction de cabanes<\/strong> s\u2019adapte parfaitement \u00e0 de nombreuses occasions : anniversaire, mariage avec espace enfants, f\u00eate communale, animation en m\u00e9diath\u00e8que, centre de loisirs, \u00e9cole, arbre de No\u00ebl, \u00e9v\u00e9nement associatif ou animation commerciale. Il peut \u00eatre utilis\u00e9 aussi bien <strong data-start=\"1742\" data-end=\"1774\">en int\u00e9rieur qu\u2019en ext\u00e9rieur<\/strong>, selon l\u2019espace disponible.<\/p>\n<p data-start=\"1804\" data-end=\"2072\">Gr\u00e2ce \u00e0 son concept original, cette animation attire naturellement les enfants et les plonge dans un univers de construction, d\u2019invention et de jeu libre. C\u2019est une excellente solution pour proposer une activit\u00e9 \u00e0 la fois ludique, \u00e9ducative et visuellement attractive.<\/p>\n<p data-start=\"2074\" data-end=\"2290\">Disponible \u00e0 la location dans le <strong data-start=\"2107\" data-end=\"2117\">Loiret<\/strong>, le <strong data-start=\"2122\" data-end=\"2143\">sud \u00cele-de-France<\/strong> et la <strong data-start=\"2150\" data-end=\"2168\">Seine-et-Marne<\/strong>, cette animation enfant cr\u00e9ative convient aussi bien aux petits \u00e9v\u00e9nements priv\u00e9s qu\u2019aux manifestations plus importantes.<\/p>\n","protected":false},"excerpt":{"rendered":"<p>Proposez une activit\u00e9 originale avec la <strong data-start=\"302\" data-end=\"350\">location d\u2019un jeu de construction de cabanes<\/strong> pour enfants. Ludique, cr\u00e9atif et participatif, ce jeu permet aux enfants d\u2019imaginer et de construire leurs propres structures lors d\u2019un anniversaire, d\u2019une f\u00eate de ville, d\u2019un \u00e9v\u00e9nement scolaire ou d\u2019une animation familiale dans le <strong data-start=\"584\" data-end=\"594\">Loiret<\/strong>, le <strong data-start=\"599\" data-end=\"620\">sud \u00cele-de-France<\/strong> et la <strong data-start=\"627\" data-end=\"645\">Seine-et-Marne<\/strong>.<\/p>\n","protected":false},"featured_media":34685,"comment_status":"closed","ping_status":"closed","template":"","meta":{"wds_primary_product_brand":0,"wds_primary_product_cat":0},"product_brand":[142],"product_cat":[47,153],"product_tag":[187,189,188,186],"class_list":{"0":"post-34684","1":"product","2":"type-product","3":"status-publish","4":"has-post-thumbnail","6":"product_brand-latelier-festif","7":"product_cat-animations","8":"product_cat-jeux-geants","9":"product_tag-animation-enfant-creative","10":"product_tag-animation-fete-de-ville","11":"product_tag-animation-mariage-enfants","12":"product_tag-location-jeu-enfant","14":"first","15":"instock","16":"shipping-taxable","17":"purchasable","18":"product-type-simple"},"_links":{"self":[{"href":"https:\/\/www.latelierfestif.com\/locations\/wp-json\/wp\/v2\/product\/34684","targetHints":{"allow":["GET"]}}],"collection":[{"href":"https:\/\/www.latelierfestif.com\/locations\/wp-json\/wp\/v2\/product"}],"about":[{"href":"https:\/\/www.latelierfestif.com\/locations\/wp-json\/wp\/v2\/types\/product"}],"replies":[{"embeddable":true,"href":"https:\/\/www.latelierfestif.com\/locations\/wp-json\/wp\/v2\/comments?post=34684"}],"wp:featuredmedia":[{"embeddable":true,"href":"https:\/\/www.latelierfestif.com\/locations\/wp-json\/wp\/v2\/media\/34685"}],"wp:attachment":[{"href":"https:\/\/www.latelierfestif.com\/locations\/wp-json\/wp\/v2\/media?parent=34684"}],"wp:term":[{"taxonomy":"product_brand","embeddable":true,"href":"https:\/\/www.latelierfestif.com\/locations\/wp-json\/wp\/v2\/product_brand?post=34684"},{"taxonomy":"product_cat","embeddable":true,"href":"https:\/\/www.latelierfestif.com\/locations\/wp-json\/wp\/v2\/product_cat?post=34684"},{"taxonomy":"product_tag","embeddable":true,"href":"https:\/\/www.latelierfestif.com\/locations\/wp-json\/wp\/v2\/product_tag?post=34684"}],"curies":[{"name":"wp","href":"https:\/\/api.w.org\/{rel}","templated":true}]}}