{"id":34671,"date":"2026-04-02T11:26:55","date_gmt":"2026-04-02T10:26:55","guid":{"rendered":"https:\/\/www.latelierfestif.com\/locations\/?post_type=product&#038;p=34671"},"modified":"2026-04-02T21:08:55","modified_gmt":"2026-04-02T20:08:55","slug":"jeu-du-palet-clapet-en-bois-location-animation","status":"publish","type":"product","link":"https:\/\/www.latelierfestif.com\/locations\/produit\/jeu-du-palet-clapet-en-bois-location-animation\/","title":{"rendered":"Jeu du Palet Clapet en bois \u2013 Location animation"},"content":{"rendered":"<p data-start=\"950\" data-end=\"1261\"><strong>Le Jeu du Palet Clapet en bois<\/strong> est un<strong> jeu d\u2019adresse et de pr\u00e9cision<\/strong> qui consiste \u00e0 lancer des palets afin de faire basculer les clapets num\u00e9rot\u00e9s et marquer un maximum de points. Simple \u00e0 comprendre et <strong>rapide \u00e0 jouer<\/strong>, il garantit des <strong>parties dynamiques et accessibles \u00e0 tous<\/strong>, id\u00e9ales pour une <strong>animation<\/strong> r\u00e9ussie.<\/p>\n<p data-start=\"1263\" data-end=\"1565\">Chez L\u2019Atelier Festif, nous proposons une version haut de gamme de ce<strong> jeu traditionnel en bois<\/strong>, fabriqu\u00e9e \u00e0 partir de mat\u00e9riaux de qualit\u00e9. Chaque Jeu du Palet Clapet en bois est con\u00e7u avec soin, avec des finitions soign\u00e9es pour offrir une excellente jouabilit\u00e9 et une v\u00e9ritable exp\u00e9rience authentique.<\/p>\n<p data-start=\"1567\" data-end=\"1878\">Le Jeu du Palet Clapet en bois est parfaitement adapt\u00e9 pour une <strong>location de jeu en bois<\/strong> lors de vos<strong> \u00e9v\u00e9nements<\/strong>. Que ce soit pour un mariage, un anniversaire, un<strong> \u00e9v\u00e9nement d\u2019entreprise<\/strong> ou une animation en ext\u00e9rieur, il cr\u00e9e imm\u00e9diatement une <strong>ambiance conviviale e<\/strong>t attire naturellement les invit\u00e9s autour du jeu.<\/p>\n<p data-start=\"1880\" data-end=\"2123\">Profitez d\u2019un moment de partage et de<strong> d\u00e9fi<\/strong> avec ce<strong> jeu aux parties rapides<\/strong> et engageantes. Les invit\u00e9s se prennent facilement au jeu, encha\u00eenent les parties et cr\u00e9ent une <strong>dynamique ludique<\/strong> id\u00e9ale pour <strong>animer un vin d\u2019honneur<\/strong> ou un <strong>espace jeux<\/strong>.<\/p>\n<p data-start=\"2125\" data-end=\"2433\">Disponible \u00e0 la<strong> location dans le Loiret<\/strong> (Amilly, Pithiviers, Y\u00e8vre-le-Ch\u00e2tel, Ascoux, <strong>Chambon-la-For\u00eat<\/strong>) et en sud \u00cele-de-France (<strong>Essonne<\/strong> : Itteville, \u00c9gly, Sainte-Genevi\u00e8ve-des-Bois \u2013 Seine-et-Marne :<strong> Fontainebleau<\/strong>, Ury, <strong>Barbizon<\/strong>), le Jeu du Palet Clapet en bois s\u2019int\u00e8gre parfaitement \u00e0 tous vos \u00e9v\u00e9nements.<\/p>\n<p data-start=\"2435\" data-end=\"2580\">Louez le Jeu du Palet Clapet en bois chez L\u2019Atelier Festif pour proposer \u00e0 vos invit\u00e9s une<strong> animation originale, \u00e9l\u00e9gante et interg\u00e9n\u00e9rationnelle<\/strong>.<\/p>\n<p>&nbsp;<\/p>\n<p>&nbsp;<\/p>\n","protected":false},"excerpt":{"rendered":"<p>Apportez une animation conviviale et originale \u00e0 vos \u00e9v\u00e9nements avec le <strong data-start=\"304\" data-end=\"335\">jeu du palet clapet en bois<\/strong>. Simple, rapide et accessible \u00e0 tous, ce jeu d\u2019adresse en bois est id\u00e9al pour un mariage, anniversaire ou \u00e9v\u00e9nement d\u2019entreprise dans le Loiret et le sud \u00cele-de-France.<\/p>\n","protected":false},"featured_media":34675,"comment_status":"closed","ping_status":"closed","template":"","meta":{"wds_primary_product_brand":0,"wds_primary_product_cat":150},"product_brand":[142],"product_cat":[47,150],"product_tag":[184,183,185,181,179,180,182],"class_list":{"0":"post-34671","1":"product","2":"type-product","3":"status-publish","4":"has-post-thumbnail","6":"product_brand-latelier-festif","7":"product_cat-animations","8":"product_cat-jeux-en-bois","9":"product_tag-animation-evenement","10":"product_tag-animation-loiret","11":"product_tag-animation-mariage","12":"product_tag-animation-vin-dhonneur","13":"product_tag-jeu-en-bois","14":"product_tag-location-jeu-en-bois","15":"product_tag-location-jeux-essonne","17":"first","18":"instock","19":"sold-individually","20":"shipping-taxable","21":"purchasable","22":"product-type-variable"},"_links":{"self":[{"href":"https:\/\/www.latelierfestif.com\/locations\/wp-json\/wp\/v2\/product\/34671","targetHints":{"allow":["GET"]}}],"collection":[{"href":"https:\/\/www.latelierfestif.com\/locations\/wp-json\/wp\/v2\/product"}],"about":[{"href":"https:\/\/www.latelierfestif.com\/locations\/wp-json\/wp\/v2\/types\/product"}],"replies":[{"embeddable":true,"href":"https:\/\/www.latelierfestif.com\/locations\/wp-json\/wp\/v2\/comments?post=34671"}],"wp:featuredmedia":[{"embeddable":true,"href":"https:\/\/www.latelierfestif.com\/locations\/wp-json\/wp\/v2\/media\/34675"}],"wp:attachment":[{"href":"https:\/\/www.latelierfestif.com\/locations\/wp-json\/wp\/v2\/media?parent=34671"}],"wp:term":[{"taxonomy":"product_brand","embeddable":true,"href":"https:\/\/www.latelierfestif.com\/locations\/wp-json\/wp\/v2\/product_brand?post=34671"},{"taxonomy":"product_cat","embeddable":true,"href":"https:\/\/www.latelierfestif.com\/locations\/wp-json\/wp\/v2\/product_cat?post=34671"},{"taxonomy":"product_tag","embeddable":true,"href":"https:\/\/www.latelierfestif.com\/locations\/wp-json\/wp\/v2\/product_tag?post=34671"}],"curies":[{"name":"wp","href":"https:\/\/api.w.org\/{rel}","templated":true}]}}