{"id":34659,"date":"2026-04-02T10:50:34","date_gmt":"2026-04-02T09:50:34","guid":{"rendered":"https:\/\/www.latelierfestif.com\/locations\/?post_type=product&#038;p=34659"},"modified":"2026-04-03T08:09:46","modified_gmt":"2026-04-03T07:09:46","slug":"location-jeu-bagatelle-bois","status":"publish","type":"product","link":"https:\/\/www.latelierfestif.com\/locations\/produit\/location-jeu-bagatelle-bois\/","title":{"rendered":"Jeu de bagatelle en bois"},"content":{"rendered":"<p>Apportez une animation originale, conviviale et authentique \u00e0 votre \u00e9v\u00e9nement gr\u00e2ce \u00e0 la location de ce jeu de bagatelle en bois. Tr\u00e8s appr\u00e9ci\u00e9 lors des mariages, anniversaires, \u00e9v\u00e9nements d\u2019entreprise ou f\u00eates familiales, ce jeu traditionnel s\u00e9duit toutes les g\u00e9n\u00e9rations.<\/p>\n<p>Facile \u00e0 comprendre et rapide \u00e0 jouer, le jeu de bagatelle consiste \u00e0 renvoyer les billes \u00e0 l\u2019aide de marteaux en bois afin de les diriger sur le plateau tout en \u00e9vitant les obstacles. Son fonctionnement simple permet une prise en main imm\u00e9diate, id\u00e9ale pour cr\u00e9er du lien entre les invit\u00e9s.<\/p>\n<p>Ce jeu en bois est particuli\u00e8rement adapt\u00e9 pour :<\/p>\n<p>les <strong>animations de mariage<\/strong> (vin d\u2019honneur, cocktail)<br \/>\nles <strong>\u00e9v\u00e9nements d\u2019entreprise<\/strong> (team building, s\u00e9minaires)<br \/>\nles anniversaires et f\u00eates priv\u00e9es<br \/>\nles animations en int\u00e9rieur ou ext\u00e9rieur<\/p>\n<p>Gr\u00e2ce \u00e0 son design en bois naturel, il s\u2019int\u00e8gre parfaitement dans une <strong>ambiance chic, champ\u00eatre<\/strong> ou vintage. Il apporte \u00e0 la fois une animation ludique et un \u00e9l\u00e9ment d\u00e9coratif de qualit\u00e9.<\/p>\n<p>Ce jeu est con\u00e7u pour 2 joueurs et mesure \u00a082,5 x 51 x 8 cm, offrant des heures de divertissement pour tous \u00e0 partir de 7 ans sous la surveillance d&rsquo;un adulte.<\/p>\n","protected":false},"excerpt":{"rendered":"<p>Optez pour la location d\u2019un jeu de bagatelle en bois pour animer vos \u00e9v\u00e9nements. Jeu d\u2019adresse convivial, ultra dynamique et rapide id\u00e9al pour mariage, anniversaire, soir\u00e9e d\u2019entreprise ou animation familiale.<\/p>\n","protected":false},"featured_media":34668,"comment_status":"closed","ping_status":"closed","template":"","meta":{"wds_primary_product_brand":0,"wds_primary_product_cat":150},"product_brand":[142],"product_cat":[47,150],"product_tag":[],"class_list":{"0":"post-34659","1":"product","2":"type-product","3":"status-publish","4":"has-post-thumbnail","6":"product_brand-latelier-festif","7":"product_cat-animations","8":"product_cat-jeux-en-bois","10":"first","11":"instock","12":"sold-individually","13":"shipping-taxable","14":"purchasable","15":"product-type-variable"},"_links":{"self":[{"href":"https:\/\/www.latelierfestif.com\/locations\/wp-json\/wp\/v2\/product\/34659","targetHints":{"allow":["GET"]}}],"collection":[{"href":"https:\/\/www.latelierfestif.com\/locations\/wp-json\/wp\/v2\/product"}],"about":[{"href":"https:\/\/www.latelierfestif.com\/locations\/wp-json\/wp\/v2\/types\/product"}],"replies":[{"embeddable":true,"href":"https:\/\/www.latelierfestif.com\/locations\/wp-json\/wp\/v2\/comments?post=34659"}],"wp:featuredmedia":[{"embeddable":true,"href":"https:\/\/www.latelierfestif.com\/locations\/wp-json\/wp\/v2\/media\/34668"}],"wp:attachment":[{"href":"https:\/\/www.latelierfestif.com\/locations\/wp-json\/wp\/v2\/media?parent=34659"}],"wp:term":[{"taxonomy":"product_brand","embeddable":true,"href":"https:\/\/www.latelierfestif.com\/locations\/wp-json\/wp\/v2\/product_brand?post=34659"},{"taxonomy":"product_cat","embeddable":true,"href":"https:\/\/www.latelierfestif.com\/locations\/wp-json\/wp\/v2\/product_cat?post=34659"},{"taxonomy":"product_tag","embeddable":true,"href":"https:\/\/www.latelierfestif.com\/locations\/wp-json\/wp\/v2\/product_tag?post=34659"}],"curies":[{"name":"wp","href":"https:\/\/api.w.org\/{rel}","templated":true}]}}