{"id":33908,"date":"2026-03-17T11:58:51","date_gmt":"2026-03-17T10:58:51","guid":{"rendered":"https:\/\/www.latelierfestif.com\/locations\/?post_type=product&#038;p=33908"},"modified":"2026-03-21T08:29:53","modified_gmt":"2026-03-21T07:29:53","slug":"guirlande-deucalyptus-chemin-de-table","status":"publish","type":"product","link":"https:\/\/www.latelierfestif.com\/locations\/produit\/guirlande-deucalyptus-chemin-de-table\/","title":{"rendered":"Guirlande d&rsquo;eucalyptus chemin de table"},"content":{"rendered":"<p data-start=\"429\" data-end=\"580\">Sublimez votre d\u00e9coration de table avec cette <strong data-start=\"475\" data-end=\"513\">guirlande d\u2019eucalyptus en location<\/strong>, id\u00e9ale pour cr\u00e9er une ambiance naturelle, \u00e9l\u00e9gante et tendance.<\/p>\n<p data-start=\"587\" data-end=\"815\">Parfaite pour un <strong data-start=\"604\" data-end=\"665\">mariage, bapt\u00eame, anniversaire ou \u00e9v\u00e9nement professionnel<\/strong>, cette guirlande s\u2019utilise en chemin de table et s\u2019associe harmonieusement avec des bougies, de la vaisselle raffin\u00e9e ou des compositions florales.<\/p>\n<p data-start=\"822\" data-end=\"992\">Son feuillage dense et r\u00e9aliste apporte une touche v\u00e9g\u00e9tale chic qui s\u2019int\u00e8gre facilement dans tous les styles de d\u00e9coration : boh\u00e8me, champ\u00eatre, romantique ou \u00e9l\u00e9gant.<\/p>\n<p data-start=\"999\" data-end=\"1127\">Con\u00e7ue en mat\u00e9riaux artificiels de qualit\u00e9, elle offre un rendu naturel tout en \u00e9tant pratique, durable et facile \u00e0 installer.<\/p>\n<p data-start=\"1134\" data-end=\"1240\">\u00a0Optez pour la <strong data-start=\"1151\" data-end=\"1185\">location de d\u00e9coration florale<\/strong> et cr\u00e9ez une mise en sc\u00e8ne raffin\u00e9e sans contrainte.<\/p>\n<p data-start=\"1247\" data-end=\"1419\">Cette guirlande eucalyptus est id\u00e9ale en compl\u00e9ment de nos <strong data-start=\"1306\" data-end=\"1373\">chemins de fleurs, centres de table et d\u00e9corations de c\u00e9r\u00e9monie<\/strong> pour une d\u00e9coration harmonieuse et coh\u00e9rente.<\/p>\n<p data-start=\"1247\" data-end=\"1419\"><strong data-start=\"903\" data-end=\"927\">Conseil d\u00e9coration :<\/strong> pour un beau chemin de table bien garni et un effet visuel optimal, il est recommand\u00e9 de pr\u00e9voir <strong data-start=\"1025\" data-end=\"1064\">3 guirlandes d\u2019eucalyptus par table<\/strong>.<\/p>\n","protected":false},"excerpt":{"rendered":"<p>Apportez une touche naturelle et \u00e9l\u00e9gante \u00e0 vos tables avec cette <strong data-start=\"213\" data-end=\"258\">guirlande d\u2019eucalyptus en chemin de table<\/strong>. Id\u00e9ale pour mariage, bapt\u00eame ou \u00e9v\u00e9nement professionnel, elle sublime votre d\u00e9coration avec simplicit\u00e9 et raffinement.<\/p>\n","protected":false},"featured_media":33910,"comment_status":"closed","ping_status":"closed","template":"","meta":{"wds_primary_product_brand":0,"wds_primary_product_cat":0},"product_brand":[142],"product_cat":[171],"product_tag":[43],"class_list":{"0":"post-33908","1":"product","2":"type-product","3":"status-publish","4":"has-post-thumbnail","6":"product_brand-latelier-festif","7":"product_cat-decoration-florale","8":"product_tag-mariage","10":"first","11":"instock","12":"shipping-taxable","13":"purchasable","14":"product-type-simple"},"_links":{"self":[{"href":"https:\/\/www.latelierfestif.com\/locations\/wp-json\/wp\/v2\/product\/33908","targetHints":{"allow":["GET"]}}],"collection":[{"href":"https:\/\/www.latelierfestif.com\/locations\/wp-json\/wp\/v2\/product"}],"about":[{"href":"https:\/\/www.latelierfestif.com\/locations\/wp-json\/wp\/v2\/types\/product"}],"replies":[{"embeddable":true,"href":"https:\/\/www.latelierfestif.com\/locations\/wp-json\/wp\/v2\/comments?post=33908"}],"wp:featuredmedia":[{"embeddable":true,"href":"https:\/\/www.latelierfestif.com\/locations\/wp-json\/wp\/v2\/media\/33910"}],"wp:attachment":[{"href":"https:\/\/www.latelierfestif.com\/locations\/wp-json\/wp\/v2\/media?parent=33908"}],"wp:term":[{"taxonomy":"product_brand","embeddable":true,"href":"https:\/\/www.latelierfestif.com\/locations\/wp-json\/wp\/v2\/product_brand?post=33908"},{"taxonomy":"product_cat","embeddable":true,"href":"https:\/\/www.latelierfestif.com\/locations\/wp-json\/wp\/v2\/product_cat?post=33908"},{"taxonomy":"product_tag","embeddable":true,"href":"https:\/\/www.latelierfestif.com\/locations\/wp-json\/wp\/v2\/product_tag?post=33908"}],"curies":[{"name":"wp","href":"https:\/\/api.w.org\/{rel}","templated":true}]}}