{"id":33842,"date":"2026-03-12T13:19:18","date_gmt":"2026-03-12T12:19:18","guid":{"rendered":"https:\/\/www.latelierfestif.com\/locations\/?post_type=product&#038;p=33842"},"modified":"2026-04-03T08:18:43","modified_gmt":"2026-04-03T07:18:43","slug":"jeu-en-bois-billard-carrousel","status":"publish","type":"product","link":"https:\/\/www.latelierfestif.com\/locations\/produit\/jeu-en-bois-billard-carrousel\/","title":{"rendered":"Jeu en bois Billard Carrousel"},"content":{"rendered":"<p>Le <strong>Billard Carrousel<\/strong> est un<strong> jeu traditionnel en bois<\/strong> qui associe habilement adresse et hasard pour cr\u00e9er une <strong>animation conviviale<\/strong> et accessible \u00e0 tous. Gr\u00e2ce \u00e0 ses r\u00e8gles simples et rapides \u00e0 comprendre, il attire imm\u00e9diatement les participants et cr\u00e9e une ambiance chaleureuse autour du jeu.<\/p>\n<p>Avec ses dimensions g\u00e9n\u00e9reuses 122 x 51 cm, ce jeu en bois devient un v\u00e9ritable point d\u2019attraction lors de vos <strong>\u00e9v\u00e9nements<\/strong>. Les joueurs doivent lancer les boules en bois avec pr\u00e9cision afin de viser les trous situ\u00e9s en haut du plateau. Une fois la boule entr\u00e9e, elle traverse un labyrinthe de clous qui la guide al\u00e9atoirement vers les cases de score situ\u00e9es en bas du jeu.<\/p>\n<p>Ce m\u00e9lange d\u2019adresse et de chance rend chaque partie unique et pleine de suspense. Les participants tentent de cumuler un maximum de points pour remporter la partie, ce qui garantit des moments de rire et de comp\u00e9tition amicale.<\/p>\n<p>Fabriqu\u00e9 en bois avec un style authentique inspir\u00e9 des<strong> jeux traditionnels d\u2019autrefois<\/strong>, le <strong>Billard Carrousel s\u2019int\u00e8gre parfaitement dans de nombreux types d\u2019\u00e9v\u00e9nements<\/strong>. Il apporte <strong>une touche champ\u00eatre, \u00e9l\u00e9gante et conviviale<\/strong> qui s\u00e9duit aussi bien les enfants que les adultes.<\/p>\n<p>Ce jeu est particuli\u00e8rement appr\u00e9ci\u00e9 pour animer :<\/p>\n<p>mariages<\/p>\n<p>anniversaires<\/p>\n<p>f\u00eates familiales<\/p>\n<p>s\u00e9minaires et \u00e9v\u00e9nements d\u2019entreprise<\/p>\n<p>f\u00eates de village et festivals<\/p>\n<p>Facile \u00e0 installer sur une table ou un espace d\u00e9di\u00e9, le Billard Carrousel est une <strong>animation originale qui favorise les \u00e9changes et la convivialit\u00e9<\/strong> entre les invit\u00e9s.<\/p>\n<p>Petite astuce pour les enfants, il est tout \u00e0 fait possible de propulser les boules \u00e0 la main.<\/p>\n<p>La location de ce jeu en bois est id\u00e9ale pour compl\u00e9ter un espace jeux en bois g\u00e9ants et proposer une activit\u00e9 ludique qui plaira \u00e0 toutes les g\u00e9n\u00e9rations<\/p>\n","protected":false},"excerpt":{"rendered":"<p>Louez le <strong data-start=\"467\" data-end=\"488\">Billard Carrousel<\/strong>, un grand jeu en bois m\u00ealant adresse et hasard, id\u00e9al pour animer mariages, anniversaires, f\u00eates et \u00e9v\u00e9nements d\u2019entreprise. Facile \u00e0 comprendre et convivial, ce jeu interg\u00e9n\u00e9rationnel au format XXL rassemble petits et grands autour d\u2019une animation ludique et originale.<\/p>\n","protected":false},"featured_media":33843,"comment_status":"open","ping_status":"closed","template":"","meta":{"wds_primary_product_brand":0,"wds_primary_product_cat":150},"product_brand":[142],"product_cat":[47,150],"product_tag":[118,26,43,64],"class_list":{"0":"post-33842","1":"product","2":"type-product","3":"status-publish","4":"has-post-thumbnail","6":"product_brand-latelier-festif","7":"product_cat-animations","8":"product_cat-jeux-en-bois","9":"product_tag-animation-arbre-de-noel","10":"product_tag-anniversaire","11":"product_tag-mariage","12":"product_tag-paques","14":"first","15":"instock","16":"shipping-taxable","17":"purchasable","18":"product-type-variable"},"_links":{"self":[{"href":"https:\/\/www.latelierfestif.com\/locations\/wp-json\/wp\/v2\/product\/33842","targetHints":{"allow":["GET"]}}],"collection":[{"href":"https:\/\/www.latelierfestif.com\/locations\/wp-json\/wp\/v2\/product"}],"about":[{"href":"https:\/\/www.latelierfestif.com\/locations\/wp-json\/wp\/v2\/types\/product"}],"replies":[{"embeddable":true,"href":"https:\/\/www.latelierfestif.com\/locations\/wp-json\/wp\/v2\/comments?post=33842"}],"wp:featuredmedia":[{"embeddable":true,"href":"https:\/\/www.latelierfestif.com\/locations\/wp-json\/wp\/v2\/media\/33843"}],"wp:attachment":[{"href":"https:\/\/www.latelierfestif.com\/locations\/wp-json\/wp\/v2\/media?parent=33842"}],"wp:term":[{"taxonomy":"product_brand","embeddable":true,"href":"https:\/\/www.latelierfestif.com\/locations\/wp-json\/wp\/v2\/product_brand?post=33842"},{"taxonomy":"product_cat","embeddable":true,"href":"https:\/\/www.latelierfestif.com\/locations\/wp-json\/wp\/v2\/product_cat?post=33842"},{"taxonomy":"product_tag","embeddable":true,"href":"https:\/\/www.latelierfestif.com\/locations\/wp-json\/wp\/v2\/product_tag?post=33842"}],"curies":[{"name":"wp","href":"https:\/\/api.w.org\/{rel}","templated":true}]}}