{"id":32428,"date":"2025-12-02T21:32:16","date_gmt":"2025-12-02T21:32:16","guid":{"rendered":"https:\/\/www.latelierfestif.com\/location\/?post_type=product&#038;p=32428"},"modified":"2025-12-07T14:00:11","modified_gmt":"2025-12-07T13:00:11","slug":"squelette-humain-de-decoration-en-plastique-rigide","status":"publish","type":"product","link":"https:\/\/www.latelierfestif.com\/locations\/produit\/squelette-humain-de-decoration-en-plastique-rigide\/","title":{"rendered":"Squelette Humain de D\u00e9coration en Plastique Rigide"},"content":{"rendered":"<p>Le <strong>squelette humain<\/strong> de <strong>d\u00e9coration<\/strong> en plastique rigide est un \u00e9l\u00e9ment incontournable pour cr\u00e9er une ambiance \u00e0 la fois effrayante et amusante lors d&rsquo;\u00e9v\u00e9nements tels que <strong>Halloween<\/strong>, <strong>soir\u00e9es \u00e0 th\u00e8me<\/strong>, f\u00eates costum\u00e9es ou toute occasion o\u00f9 vous souhaitez ajouter une <strong>touche sinistre<\/strong> \u00e0 votre <strong>d\u00e9cor<\/strong>. Veuillez noter que seul le<strong> squelette<\/strong> est inclus dans ce produit.<\/p>\n<p>Les membres du squelette sont articul\u00e9s, ce qui vous permet de le positionner dans la pose de votre choix. Vous pouvez cr\u00e9er des <strong>sc\u00e8nes effrayantes<\/strong> en ajustant les bras et les jambes pour obtenir le look d\u00e9sir\u00e9.<\/p>\n<p>Squelette 160 cm de hauteur, ce qui en fait une pi\u00e8ce imposante pour <strong>impressionner vos invit\u00e9s<\/strong>.\u00a0Les membres du <strong>squelette<\/strong> sont <strong>articul\u00e9s<\/strong>, ce qui vous permet de le positionner dans la pose de votre choix. Vous pouvez cr\u00e9er des sc\u00e8nes effrayantes en ajustant les bras et les jambes pour obtenir le look d\u00e9sir\u00e9.<\/p>\n<p>Les d\u00e9tails soign\u00e9s du squelette, y compris les <strong>os<\/strong>, le <strong>cr\u00e2ne<\/strong> et les articulations, ajoutent une <strong>atmosph\u00e8re macabre<\/strong> \u00e0 n&rsquo;importe quel environnement.<\/p>\n<p>Vous pouvez <strong>personnaliser<\/strong> ce <strong>squelette<\/strong> de <strong>d\u00e9coration<\/strong> en ajoutant des accessoires, des v\u00eatements ou des <strong>toiles d\u2019araign\u00e9es<\/strong> pour cr\u00e9er un look unique qui correspond \u00e0 votre imagination.<\/p>\n","protected":false},"excerpt":{"rendered":"<p>Squelette humain \u00e0 taille humaine pour une d\u00e9coration effrayante !<\/p>\n<p>&nbsp;<\/p>\n","protected":false},"featured_media":32492,"comment_status":"closed","ping_status":"closed","template":"","meta":{"wds_primary_product_brand":0,"wds_primary_product_cat":0},"product_brand":[142],"product_cat":[45],"product_tag":[26,31],"class_list":{"0":"post-32428","1":"product","2":"type-product","3":"status-publish","4":"has-post-thumbnail","6":"product_brand-latelier-festif","7":"product_cat-elements-de-decoration","8":"product_tag-anniversaire","9":"product_tag-halloween","11":"first","12":"outofstock","13":"shipping-taxable","14":"purchasable","15":"product-type-simple"},"_links":{"self":[{"href":"https:\/\/www.latelierfestif.com\/locations\/wp-json\/wp\/v2\/product\/32428","targetHints":{"allow":["GET"]}}],"collection":[{"href":"https:\/\/www.latelierfestif.com\/locations\/wp-json\/wp\/v2\/product"}],"about":[{"href":"https:\/\/www.latelierfestif.com\/locations\/wp-json\/wp\/v2\/types\/product"}],"replies":[{"embeddable":true,"href":"https:\/\/www.latelierfestif.com\/locations\/wp-json\/wp\/v2\/comments?post=32428"}],"wp:featuredmedia":[{"embeddable":true,"href":"https:\/\/www.latelierfestif.com\/locations\/wp-json\/wp\/v2\/media\/32492"}],"wp:attachment":[{"href":"https:\/\/www.latelierfestif.com\/locations\/wp-json\/wp\/v2\/media?parent=32428"}],"wp:term":[{"taxonomy":"product_brand","embeddable":true,"href":"https:\/\/www.latelierfestif.com\/locations\/wp-json\/wp\/v2\/product_brand?post=32428"},{"taxonomy":"product_cat","embeddable":true,"href":"https:\/\/www.latelierfestif.com\/locations\/wp-json\/wp\/v2\/product_cat?post=32428"},{"taxonomy":"product_tag","embeddable":true,"href":"https:\/\/www.latelierfestif.com\/locations\/wp-json\/wp\/v2\/product_tag?post=32428"}],"curies":[{"name":"wp","href":"https:\/\/api.w.org\/{rel}","templated":true}]}}