{"id":32352,"date":"2025-12-02T21:31:38","date_gmt":"2025-12-02T21:31:38","guid":{"rendered":"https:\/\/www.latelierfestif.com\/location\/?post_type=product&#038;p=32352"},"modified":"2025-12-07T14:00:37","modified_gmt":"2025-12-07T13:00:37","slug":"borne-arcade-avengers","status":"publish","type":"product","link":"https:\/\/www.latelierfestif.com\/locations\/produit\/borne-arcade-avengers\/","title":{"rendered":"Borne Arcade Avengers"},"content":{"rendered":"<p>Notre borne interactive aux <strong>couleurs des Avengers<\/strong> est le choix id\u00e9al pour les fans de jeux vid\u00e9o r\u00e9tro ! Avec des milliers de jeux classiques \u00e0 votre disposition, vous pourrez revivre les souvenirs de votre enfance et d\u00e9couvrir de nouveaux jeux.<\/p>\n<p>La borne est <strong>facile \u00e0 utiliser, pr\u00eate \u00e0 l&#8217;emploi <\/strong>vous pouvez la placer dans votre salon, votre salle de jeu ou dans votre entreprise pour offrir \u00e0 vos clients un moment de divertissement unique. Avec ses dimensions de 168 cm de hauteur, 56 cm de profondeur et 61 cm de largeur et son poids d&rsquo;environ 70 \u00e0 80 kg, la borne s&rsquo;int\u00e8gre facilement dans n&rsquo;importe quel espace.<\/p>\n<p>Que vous soyez un fan de Marvel ou un passionn\u00e9 de jeux r\u00e9tro, notre borne interactive Avengers est le choix id\u00e9al pour ajouter une touche de nostalgie \u00e0 votre vie quotidienne et vous divertir pendant des heures !<\/p>\n<p>La location de la Borne s&rsquo;accompagne d&rsquo;un animateur pour votre \u00e9v\u00e9nement, prix affich\u00e9 hors frais de livraison !<\/p>\n","protected":false},"excerpt":{"rendered":"<p>Plongez dans l&rsquo;univers des Avengers avec notre borne interactive ! Cette arcade r\u00e9tro contient des <strong>milliers de jeux classiques<\/strong> pour une exp\u00e9rience de jeu unique. Facile \u00e0 utiliser et pr\u00eate \u00e0 l&#8217;emploi, elle saura donner un style vintage \u00e0 votre int\u00e9rieur.<\/p>\n","protected":false},"featured_media":32362,"comment_status":"open","ping_status":"closed","template":"","meta":{"wds_primary_product_brand":0,"wds_primary_product_cat":0},"product_brand":[142],"product_cat":[15],"product_tag":[26,119,46],"class_list":{"0":"post-32352","1":"product","2":"type-product","3":"status-publish","4":"has-post-thumbnail","6":"product_brand-latelier-festif","7":"product_cat-prochainement","8":"product_tag-anniversaire","9":"product_tag-centre-commercial","10":"product_tag-evenements-entreprises","12":"first","13":"instock","14":"shipping-taxable","15":"purchasable","16":"product-type-simple"},"_links":{"self":[{"href":"https:\/\/www.latelierfestif.com\/locations\/wp-json\/wp\/v2\/product\/32352","targetHints":{"allow":["GET"]}}],"collection":[{"href":"https:\/\/www.latelierfestif.com\/locations\/wp-json\/wp\/v2\/product"}],"about":[{"href":"https:\/\/www.latelierfestif.com\/locations\/wp-json\/wp\/v2\/types\/product"}],"replies":[{"embeddable":true,"href":"https:\/\/www.latelierfestif.com\/locations\/wp-json\/wp\/v2\/comments?post=32352"}],"wp:featuredmedia":[{"embeddable":true,"href":"https:\/\/www.latelierfestif.com\/locations\/wp-json\/wp\/v2\/media\/32362"}],"wp:attachment":[{"href":"https:\/\/www.latelierfestif.com\/locations\/wp-json\/wp\/v2\/media?parent=32352"}],"wp:term":[{"taxonomy":"product_brand","embeddable":true,"href":"https:\/\/www.latelierfestif.com\/locations\/wp-json\/wp\/v2\/product_brand?post=32352"},{"taxonomy":"product_cat","embeddable":true,"href":"https:\/\/www.latelierfestif.com\/locations\/wp-json\/wp\/v2\/product_cat?post=32352"},{"taxonomy":"product_tag","embeddable":true,"href":"https:\/\/www.latelierfestif.com\/locations\/wp-json\/wp\/v2\/product_tag?post=32352"}],"curies":[{"name":"wp","href":"https:\/\/api.w.org\/{rel}","templated":true}]}}