{"id":32262,"date":"2025-12-02T21:30:20","date_gmt":"2025-12-02T21:30:20","guid":{"rendered":"https:\/\/www.latelierfestif.com\/location\/?post_type=product&#038;p=32262"},"modified":"2026-04-03T08:01:38","modified_gmt":"2026-04-03T07:01:38","slug":"jeu-en-bois-planche-a-rebond","status":"publish","type":"product","link":"https:\/\/www.latelierfestif.com\/locations\/produit\/jeu-en-bois-planche-a-rebond\/","title":{"rendered":"Jeu en bois Planche \u00e0 rebond"},"content":{"rendered":"<p>La Planche \u00e0 rebond est un <strong>jeu d&rsquo;adresse et de dext\u00e9rit\u00e9 en bois<\/strong>, qui consiste \u00e0 lancer des disques sur une planche munie d&rsquo;un rebondisseur. Le but du jeu est de faire rebondir les disques dans les diff\u00e9rentes zones num\u00e9rot\u00e9es de la planche pour marquer des points.<\/p>\n<p>Chez L&rsquo;Atelier Festif, nous proposons une version haut de gamme de ce jeu classique, fabriqu\u00e9e \u00e0 partir de bois massif de haute qualit\u00e9. Chaque planche est con\u00e7ue avec une grande pr\u00e9cision et des finitions soign\u00e9es pour garantir une jouabilit\u00e9 optimale.<\/p>\n<p>La Planche \u00e0 rebond est un jeu d&rsquo;ext\u00e9rieur divertissant et stimulant, qui convient aux joueurs de tous les niveaux. Que ce soit pour un \u00e9v\u00e9nement familial ou professionnel, ce jeu en bois ajoute une touche de comp\u00e9tition et de convivialit\u00e9 \u00e0 toute occasion.<\/p>\n<p>Profitez d&rsquo;un moment convivial \u00e0 deux avec ce jeu aux dimensions de 122 x 41 cm, id\u00e9al pour les soir\u00e9es de divertissement lors d&rsquo;une occasions. Avec une capacit\u00e9 de 2 joueurs, vous pourrez vous affronter autour de parties endiabl\u00e9es et stimulantes !<\/p>\n<p><strong>Louez la Planche \u00e0 rebond chez L&rsquo;Atelier Festif<\/strong> pour offrir \u00e0 vos invit\u00e9s une exp\u00e9rience de jeu unique et inoubliable !<\/p>\n","protected":false},"excerpt":{"rendered":"<p>La Planche \u00e0 rebond est un <strong>jeu d&rsquo;adresse et d&rsquo;amusement en bois<\/strong> pour toute la famille. Louez-le chez L&rsquo;Atelier Festif pour ajouter une touche de comp\u00e9tition et de convivialit\u00e9 \u00e0 votre prochain \u00e9v\u00e9nement en plein air !<\/p>\n<p>Attention vous ne pouvez pas louer individuellement ce jeu en bois, la location pour ce type de produit fonctionne par lot (nous vous contacterons pour d\u00e9finir avec vous les jeux mis en location).<\/p>\n","protected":false},"featured_media":33887,"comment_status":"open","ping_status":"closed","template":"","meta":{"wds_primary_product_brand":0,"wds_primary_product_cat":0},"product_brand":[142],"product_cat":[150],"product_tag":[118,26,51,119,46,34,64],"class_list":{"0":"post-32262","1":"product","2":"type-product","3":"status-publish","4":"has-post-thumbnail","6":"product_brand-latelier-festif","7":"product_cat-jeux-en-bois","8":"product_tag-animation-arbre-de-noel","9":"product_tag-anniversaire","10":"product_tag-carnaval","11":"product_tag-centre-commercial","12":"product_tag-evenements-entreprises","13":"product_tag-kermesse","14":"product_tag-paques","16":"first","17":"instock","18":"featured","19":"shipping-taxable","20":"purchasable","21":"product-type-variable"},"_links":{"self":[{"href":"https:\/\/www.latelierfestif.com\/locations\/wp-json\/wp\/v2\/product\/32262","targetHints":{"allow":["GET"]}}],"collection":[{"href":"https:\/\/www.latelierfestif.com\/locations\/wp-json\/wp\/v2\/product"}],"about":[{"href":"https:\/\/www.latelierfestif.com\/locations\/wp-json\/wp\/v2\/types\/product"}],"replies":[{"embeddable":true,"href":"https:\/\/www.latelierfestif.com\/locations\/wp-json\/wp\/v2\/comments?post=32262"}],"wp:featuredmedia":[{"embeddable":true,"href":"https:\/\/www.latelierfestif.com\/locations\/wp-json\/wp\/v2\/media\/33887"}],"wp:attachment":[{"href":"https:\/\/www.latelierfestif.com\/locations\/wp-json\/wp\/v2\/media?parent=32262"}],"wp:term":[{"taxonomy":"product_brand","embeddable":true,"href":"https:\/\/www.latelierfestif.com\/locations\/wp-json\/wp\/v2\/product_brand?post=32262"},{"taxonomy":"product_cat","embeddable":true,"href":"https:\/\/www.latelierfestif.com\/locations\/wp-json\/wp\/v2\/product_cat?post=32262"},{"taxonomy":"product_tag","embeddable":true,"href":"https:\/\/www.latelierfestif.com\/locations\/wp-json\/wp\/v2\/product_tag?post=32262"}],"curies":[{"name":"wp","href":"https:\/\/api.w.org\/{rel}","templated":true}]}}