{"id":32239,"date":"2025-12-02T21:29:58","date_gmt":"2025-12-02T21:29:58","guid":{"rendered":"https:\/\/www.latelierfestif.com\/location\/?post_type=product&#038;p=32239"},"modified":"2026-03-21T08:48:41","modified_gmt":"2026-03-21T07:48:41","slug":"jeu-tir-a-la-poule","status":"publish","type":"product","link":"https:\/\/www.latelierfestif.com\/locations\/produit\/jeu-tir-a-la-poule\/","title":{"rendered":"Jeu Tir \u00e0 la Poule"},"content":{"rendered":"<p>Vous cherchez un jeu amusant pour partager un moment de complicit\u00e9 avec vos petits-enfants ou pour animer vos \u00e9v\u00e9nements festifs ? Optez pour notre jeu de Tir \u00e0 la Poule en bois, sp\u00e9cialement con\u00e7u pour les enfants !<\/p>\n<p><strong>Le Tir \u00e0 la Poule<\/strong> est un jeu traditionnel ind\u00e9modable, parfait pour les f\u00eates de famille, les kermesses d&rsquo;\u00e9coles, les centres de loisirs ou encore les f\u00eates foraines. Avec sa carabine en bois et sa fl\u00e9chette \u00e0 ventouse, les enfants peuvent s&rsquo;amuser en toute s\u00e9curit\u00e9.<\/p>\n<p>Le but du jeu est simple : tirer sur la cible rouge repr\u00e9sentant la poule pour faire appara\u00eetre <strong>l\u2019\u0153uf dans le panier en osier<\/strong>. Les enfants seront ravis de ce moment de joie et d&rsquo;excitation lorsqu&rsquo;ils viseront avec pr\u00e9cision et verront l\u2019\u0153uf s&rsquo;afficher dans le panier.<\/p>\n<p>Offrez \u00e0 vos enfants ou \u00e0 vos invit\u00e9s un moment inoubliable gr\u00e2ce \u00e0 notre jeu de Tir \u00e0 la Poule en location !<\/p>\n","protected":false},"excerpt":{"rendered":"<p>Le jeu de Tir \u00e0 la Poule est un jeu de tir \u00e0 la carabine pour enfants. Avec sa cible rouge en <strong>forme de poule et sa fl\u00e9chette en bois<\/strong> avec ventouse, ce jeu est id\u00e9al pour toutes vos festivit\u00e9s. Les enfants adoreront voir l\u2019\u0153uf appara\u00eetre dans le panier en osier apr\u00e8s avoir tir\u00e9 sur la cible.<\/p>\n<p>Attention vous ne pouvez pas louer individuellement ce jeu en bois, la location pour ce type de produit fonctionne par lot (nous vous contacterons pour d\u00e9finir avec vous les jeux mis en location).<\/p>\n","protected":false},"featured_media":32310,"comment_status":"open","ping_status":"closed","template":"","meta":{"wds_primary_product_brand":0,"wds_primary_product_cat":0},"product_brand":[142],"product_cat":[157,151],"product_tag":[118,26,51,119,46,34,64],"class_list":{"0":"post-32239","1":"product","2":"type-product","3":"status-publish","4":"has-post-thumbnail","6":"product_brand-latelier-festif","7":"product_cat-jeux-dexterieur","8":"product_cat-jeux-de-kermesse","9":"product_tag-animation-arbre-de-noel","10":"product_tag-anniversaire","11":"product_tag-carnaval","12":"product_tag-centre-commercial","13":"product_tag-evenements-entreprises","14":"product_tag-kermesse","15":"product_tag-paques","17":"first","18":"instock","19":"shipping-taxable","20":"purchasable","21":"product-type-variable"},"_links":{"self":[{"href":"https:\/\/www.latelierfestif.com\/locations\/wp-json\/wp\/v2\/product\/32239","targetHints":{"allow":["GET"]}}],"collection":[{"href":"https:\/\/www.latelierfestif.com\/locations\/wp-json\/wp\/v2\/product"}],"about":[{"href":"https:\/\/www.latelierfestif.com\/locations\/wp-json\/wp\/v2\/types\/product"}],"replies":[{"embeddable":true,"href":"https:\/\/www.latelierfestif.com\/locations\/wp-json\/wp\/v2\/comments?post=32239"}],"wp:featuredmedia":[{"embeddable":true,"href":"https:\/\/www.latelierfestif.com\/locations\/wp-json\/wp\/v2\/media\/32310"}],"wp:attachment":[{"href":"https:\/\/www.latelierfestif.com\/locations\/wp-json\/wp\/v2\/media?parent=32239"}],"wp:term":[{"taxonomy":"product_brand","embeddable":true,"href":"https:\/\/www.latelierfestif.com\/locations\/wp-json\/wp\/v2\/product_brand?post=32239"},{"taxonomy":"product_cat","embeddable":true,"href":"https:\/\/www.latelierfestif.com\/locations\/wp-json\/wp\/v2\/product_cat?post=32239"},{"taxonomy":"product_tag","embeddable":true,"href":"https:\/\/www.latelierfestif.com\/locations\/wp-json\/wp\/v2\/product_tag?post=32239"}],"curies":[{"name":"wp","href":"https:\/\/api.w.org\/{rel}","templated":true}]}}