{"id":32236,"date":"2025-12-02T21:29:58","date_gmt":"2025-12-02T21:29:58","guid":{"rendered":"https:\/\/www.latelierfestif.com\/location\/?post_type=product&#038;p=32236"},"modified":"2025-12-07T14:00:37","modified_gmt":"2025-12-07T13:00:37","slug":"mur-vegetal","status":"publish","type":"product","link":"https:\/\/www.latelierfestif.com\/locations\/produit\/mur-vegetal\/","title":{"rendered":"Mur v\u00e9g\u00e9tal"},"content":{"rendered":"<p><em>Prix de location \u00e0 la journ\u00e9e, apr\u00e8s votre r\u00e9servation nous vous rappelons par t\u00e9l\u00e9phone pour confirmer avec vous les quantit\u00e9s et la date de retrait (45330 Le Malesherbois).<\/em><\/p>\n<p><em>Uniquement les locations \u00e0 partir de 150\u20ac peuvent \u00eatre livr\u00e9es par nos soins frais de livraisons soumis \u00e0 notre bar\u00e8me.<\/em><\/p>\n","protected":false},"excerpt":{"rendered":"<p>Prix de location \u00e0 la journ\u00e9e, apr\u00e8s votre r\u00e9servation nous vous rappelons par t\u00e9l\u00e9phone pour confirmer avec vous les quantit\u00e9s et la date de retrait (45330 Le Malesherbois). Uniquement les locations \u00e0 partir de 150\u20ac peuvent \u00eatre livr\u00e9es par nos soins frais de livraisons soumis \u00e0 notre bar\u00e8me.<\/p>\n","protected":false},"featured_media":32305,"comment_status":"open","ping_status":"closed","template":"","meta":{"wds_primary_product_brand":0,"wds_primary_product_cat":0},"product_brand":[142],"product_cat":[61],"product_tag":[],"class_list":{"0":"post-32236","1":"product","2":"type-product","3":"status-publish","4":"has-post-thumbnail","6":"product_brand-latelier-festif","7":"product_cat-backdrops","9":"first","10":"instock","11":"shipping-taxable","12":"purchasable","13":"product-type-simple"},"_links":{"self":[{"href":"https:\/\/www.latelierfestif.com\/locations\/wp-json\/wp\/v2\/product\/32236","targetHints":{"allow":["GET"]}}],"collection":[{"href":"https:\/\/www.latelierfestif.com\/locations\/wp-json\/wp\/v2\/product"}],"about":[{"href":"https:\/\/www.latelierfestif.com\/locations\/wp-json\/wp\/v2\/types\/product"}],"replies":[{"embeddable":true,"href":"https:\/\/www.latelierfestif.com\/locations\/wp-json\/wp\/v2\/comments?post=32236"}],"wp:featuredmedia":[{"embeddable":true,"href":"https:\/\/www.latelierfestif.com\/locations\/wp-json\/wp\/v2\/media\/32305"}],"wp:attachment":[{"href":"https:\/\/www.latelierfestif.com\/locations\/wp-json\/wp\/v2\/media?parent=32236"}],"wp:term":[{"taxonomy":"product_brand","embeddable":true,"href":"https:\/\/www.latelierfestif.com\/locations\/wp-json\/wp\/v2\/product_brand?post=32236"},{"taxonomy":"product_cat","embeddable":true,"href":"https:\/\/www.latelierfestif.com\/locations\/wp-json\/wp\/v2\/product_cat?post=32236"},{"taxonomy":"product_tag","embeddable":true,"href":"https:\/\/www.latelierfestif.com\/locations\/wp-json\/wp\/v2\/product_tag?post=32236"}],"curies":[{"name":"wp","href":"https:\/\/api.w.org\/{rel}","templated":true}]}}