{"id":32232,"date":"2025-12-02T21:29:57","date_gmt":"2025-12-02T21:29:57","guid":{"rendered":"https:\/\/www.latelierfestif.com\/location\/?post_type=product&#038;p=32232"},"modified":"2026-05-09T05:42:56","modified_gmt":"2026-05-09T04:42:56","slug":"neon-happy-birthday","status":"publish","type":"product","link":"https:\/\/www.latelierfestif.com\/locations\/produit\/neon-happy-birthday\/","title":{"rendered":"N\u00e9on Happy Birthday"},"content":{"rendered":"<p>Faites de votre <strong>f\u00eate d&rsquo;anniversaire un \u00e9v\u00e9nement inoubliable<\/strong> en ajoutant une touche de lumi\u00e8re et de couleur avec notre n\u00e9on lumineux \u00ab\u00a0Happy Birthday\u00a0\u00bb.<\/p>\n<p>Ce n\u00e9on est un accessoire de d\u00e9coration festif qui illuminera votre soir\u00e9e et impressionnera vos invit\u00e9s. Il est fabriqu\u00e9 \u00e0 partir de mat\u00e9riaux de haute qualit\u00e9 pour une durabilit\u00e9 optimale et une utilisation en toute s\u00e9curit\u00e9.<\/p>\n<p>Vous pouvez facilement l&rsquo;installer \u00e0 l&rsquo;int\u00e9rieur ou \u00e0 l&rsquo;ext\u00e9rieur, selon vos pr\u00e9f\u00e9rences, et il est livr\u00e9 avec tous les accessoires n\u00e9cessaires pour une installation facile. Le n\u00e9on \u00ab\u00a0Happy Birthday\u00a0\u00bb est parfait pour toutes les tranches d&rsquo;\u00e2ge, des enfants aux adultes, et convient \u00e0 tous les styles de f\u00eate.<\/p>\n<p>Il ajoutera une touche de fun et de magie \u00e0 votre soir\u00e9e, en laissant un souvenir m\u00e9morable \u00e0 tous vos invit\u00e9s.\u00a0Agr\u00e9mentez la <strong>d\u00e9coration<\/strong> de votre <strong>\u00e9v\u00e9nement<\/strong> avec ce <strong>n\u00e9on happy birthday<\/strong> de 85 cm x 64 cm en acrylique transparent, le n\u00e9on s&rsquo;illumine de blanc.<\/p>\n<p>Impressionnez vos invit\u00e9s avec ce <strong>n\u00e9on<\/strong> pour marquer l&rsquo;anniversaire et illuminer votre \u00e9v\u00e9nement pour un effet <strong>tendance<\/strong> !<\/p>\n<p>Alors, n&rsquo;h\u00e9sitez pas \u00e0 <strong>louer notre n\u00e9on lumineux \u00ab\u00a0Happy Birthday\u00a0\u00bb<\/strong> pour faire de votre anniversaire un moment inoubliable !<\/p>\n","protected":false},"excerpt":{"rendered":"<p><strong>Location de n\u00e9on Happy Birthday<\/strong> pour <strong>anniversaire<\/strong>, <strong>anniversaire entreprise<\/strong>, soir\u00e9e surprise, f\u00eate priv\u00e9e et d\u00e9coration \u00e9v\u00e9nementielle. Avec son \u00e9criture cursive lumineuse blanche, ce n\u00e9on est id\u00e9al pour sublimer un backdrop, un mur de sequins, une arche de ballons ou un espace photo.<\/p>\n","protected":false},"featured_media":32287,"comment_status":"open","ping_status":"closed","template":"","meta":{"wds_primary_product_brand":0,"wds_primary_product_cat":0},"product_brand":[142],"product_cat":[156],"product_tag":[26,197],"class_list":{"0":"post-32232","1":"product","2":"type-product","3":"status-publish","4":"has-post-thumbnail","6":"product_brand-latelier-festif","7":"product_cat-eclairage-et-neon","8":"product_tag-anniversaire","9":"product_tag-anniversaire-entreprise","11":"first","12":"instock","13":"sale","14":"shipping-taxable","15":"purchasable","16":"product-type-simple"},"_links":{"self":[{"href":"https:\/\/www.latelierfestif.com\/locations\/wp-json\/wp\/v2\/product\/32232","targetHints":{"allow":["GET"]}}],"collection":[{"href":"https:\/\/www.latelierfestif.com\/locations\/wp-json\/wp\/v2\/product"}],"about":[{"href":"https:\/\/www.latelierfestif.com\/locations\/wp-json\/wp\/v2\/types\/product"}],"replies":[{"embeddable":true,"href":"https:\/\/www.latelierfestif.com\/locations\/wp-json\/wp\/v2\/comments?post=32232"}],"wp:featuredmedia":[{"embeddable":true,"href":"https:\/\/www.latelierfestif.com\/locations\/wp-json\/wp\/v2\/media\/32287"}],"wp:attachment":[{"href":"https:\/\/www.latelierfestif.com\/locations\/wp-json\/wp\/v2\/media?parent=32232"}],"wp:term":[{"taxonomy":"product_brand","embeddable":true,"href":"https:\/\/www.latelierfestif.com\/locations\/wp-json\/wp\/v2\/product_brand?post=32232"},{"taxonomy":"product_cat","embeddable":true,"href":"https:\/\/www.latelierfestif.com\/locations\/wp-json\/wp\/v2\/product_cat?post=32232"},{"taxonomy":"product_tag","embeddable":true,"href":"https:\/\/www.latelierfestif.com\/locations\/wp-json\/wp\/v2\/product_tag?post=32232"}],"curies":[{"name":"wp","href":"https:\/\/api.w.org\/{rel}","templated":true}]}}