{"id":32213,"date":"2025-12-02T21:29:36","date_gmt":"2025-12-02T21:29:36","guid":{"rendered":"https:\/\/www.latelierfestif.com\/location\/?post_type=product&#038;p=32213"},"modified":"2025-12-07T14:00:51","modified_gmt":"2025-12-07T13:00:51","slug":"pouf-a-pompons","status":"publish","type":"product","link":"https:\/\/www.latelierfestif.com\/locations\/produit\/pouf-a-pompons\/","title":{"rendered":"Pouf \u00e0 pompons"},"content":{"rendered":"<p>Rembourr\u00e9 de coton recycl\u00e9 pour un grand confort, pour des moments conviviaux autour d&rsquo;une table basse pour une<strong> baby shower<\/strong> ou un<strong> anniversaire<\/strong> sur le th\u00e8me<strong> Safari<\/strong><em>.<\/em><\/p>\n","protected":false},"excerpt":{"rendered":"<p><strong>Pouf \u00e0 Pompons<\/strong> facile \u00e0 d\u00e9placer afin de l&rsquo;installer o\u00f9 vous souhaitez.<\/p>\n<p><em>Prix de location \u00e0 la journ\u00e9e, apr\u00e8s votre r\u00e9servation nous vous rappelons par t\u00e9l\u00e9phone pour confirmer avec vous les quantit\u00e9s et la date de retrait (45330 Le Malesherbois)<\/em><\/p>\n<p><em>Uniquement les locations \u00e0 partir de 150\u20ac peuvent \u00eatre livr\u00e9es par nos soins frais de livraisons soumis \u00e0 notre bar\u00e8me.<\/em><\/p>\n<p><em>\u00a0<\/em><\/p>\n","protected":false},"featured_media":32281,"comment_status":"open","ping_status":"closed","template":"","meta":{"wds_primary_product_brand":0,"wds_primary_product_cat":0},"product_brand":[142],"product_cat":[45],"product_tag":[],"class_list":{"0":"post-32213","1":"product","2":"type-product","3":"status-publish","4":"has-post-thumbnail","6":"product_brand-latelier-festif","7":"product_cat-elements-de-decoration","9":"first","10":"instock","11":"shipping-taxable","12":"purchasable","13":"product-type-simple"},"_links":{"self":[{"href":"https:\/\/www.latelierfestif.com\/locations\/wp-json\/wp\/v2\/product\/32213","targetHints":{"allow":["GET"]}}],"collection":[{"href":"https:\/\/www.latelierfestif.com\/locations\/wp-json\/wp\/v2\/product"}],"about":[{"href":"https:\/\/www.latelierfestif.com\/locations\/wp-json\/wp\/v2\/types\/product"}],"replies":[{"embeddable":true,"href":"https:\/\/www.latelierfestif.com\/locations\/wp-json\/wp\/v2\/comments?post=32213"}],"wp:featuredmedia":[{"embeddable":true,"href":"https:\/\/www.latelierfestif.com\/locations\/wp-json\/wp\/v2\/media\/32281"}],"wp:attachment":[{"href":"https:\/\/www.latelierfestif.com\/locations\/wp-json\/wp\/v2\/media?parent=32213"}],"wp:term":[{"taxonomy":"product_brand","embeddable":true,"href":"https:\/\/www.latelierfestif.com\/locations\/wp-json\/wp\/v2\/product_brand?post=32213"},{"taxonomy":"product_cat","embeddable":true,"href":"https:\/\/www.latelierfestif.com\/locations\/wp-json\/wp\/v2\/product_cat?post=32213"},{"taxonomy":"product_tag","embeddable":true,"href":"https:\/\/www.latelierfestif.com\/locations\/wp-json\/wp\/v2\/product_tag?post=32213"}],"curies":[{"name":"wp","href":"https:\/\/api.w.org\/{rel}","templated":true}]}}