{"id":32138,"date":"2025-12-02T21:28:43","date_gmt":"2025-12-02T21:28:43","guid":{"rendered":"https:\/\/www.latelierfestif.com\/location\/?post_type=product&#038;p=32138"},"modified":"2025-12-07T14:01:17","modified_gmt":"2025-12-07T13:01:17","slug":"kit-mario-bros-bowser-nintendo","status":"publish","type":"product","link":"https:\/\/www.latelierfestif.com\/locations\/produit\/kit-mario-bros-bowser-nintendo\/","title":{"rendered":"Kit Mario Bros Bowser Nintendo"},"content":{"rendered":"<p>Ce kit de d\u00e9guisement est tr\u00e8s r\u00e9aliste et mettra votre enfant du <strong>c\u00e9l\u00e8bre m\u00e9chant mais sympathique Bowser<\/strong> de la saga Mario Bros.<\/p>\n<p>Le d\u00e9guisement est compos\u00e9 de deux \u00e9l\u00e9ments, le sac \u00e0 dos gonflable en forme de carapace avec ses pointes et le chapeau qui repr\u00e9sente le<strong> visage de Bowser<\/strong>.<\/p>\n<p>Le sac \u00e0 dos est \u00e0 <strong>gonfler avec une paille<\/strong> !<\/p>\n<p>&nbsp;<\/p>\n","protected":false},"excerpt":{"rendered":"<p>Le d\u00e9guisement pour enfant du c\u00e9l\u00e8bre <strong>m\u00e9chant de Mario Bros : Bowser<\/strong>, parfait pour un go\u00fbter u une soir\u00e9e \u00e0 th\u00e8me.<\/p>\n","protected":false},"featured_media":32192,"comment_status":"closed","ping_status":"closed","template":"","meta":{"wds_primary_product_brand":0,"wds_primary_product_cat":0},"product_brand":[142],"product_cat":[50,152],"product_tag":[26,51,34],"class_list":{"0":"post-32138","1":"product","2":"type-product","3":"status-publish","4":"has-post-thumbnail","6":"product_brand-latelier-festif","7":"product_cat-deguisements","8":"product_cat-mascottes","9":"product_tag-anniversaire","10":"product_tag-carnaval","11":"product_tag-kermesse","13":"first","14":"instock","15":"shipping-taxable","16":"purchasable","17":"product-type-variable"},"_links":{"self":[{"href":"https:\/\/www.latelierfestif.com\/locations\/wp-json\/wp\/v2\/product\/32138","targetHints":{"allow":["GET"]}}],"collection":[{"href":"https:\/\/www.latelierfestif.com\/locations\/wp-json\/wp\/v2\/product"}],"about":[{"href":"https:\/\/www.latelierfestif.com\/locations\/wp-json\/wp\/v2\/types\/product"}],"replies":[{"embeddable":true,"href":"https:\/\/www.latelierfestif.com\/locations\/wp-json\/wp\/v2\/comments?post=32138"}],"wp:featuredmedia":[{"embeddable":true,"href":"https:\/\/www.latelierfestif.com\/locations\/wp-json\/wp\/v2\/media\/32192"}],"wp:attachment":[{"href":"https:\/\/www.latelierfestif.com\/locations\/wp-json\/wp\/v2\/media?parent=32138"}],"wp:term":[{"taxonomy":"product_brand","embeddable":true,"href":"https:\/\/www.latelierfestif.com\/locations\/wp-json\/wp\/v2\/product_brand?post=32138"},{"taxonomy":"product_cat","embeddable":true,"href":"https:\/\/www.latelierfestif.com\/locations\/wp-json\/wp\/v2\/product_cat?post=32138"},{"taxonomy":"product_tag","embeddable":true,"href":"https:\/\/www.latelierfestif.com\/locations\/wp-json\/wp\/v2\/product_tag?post=32138"}],"curies":[{"name":"wp","href":"https:\/\/api.w.org\/{rel}","templated":true}]}}