{"id":32137,"date":"2025-12-02T21:28:43","date_gmt":"2025-12-02T21:28:43","guid":{"rendered":"https:\/\/www.latelierfestif.com\/location\/?post_type=product&#038;p=32137"},"modified":"2025-12-07T14:01:17","modified_gmt":"2025-12-07T13:01:17","slug":"luigi-super-mario","status":"publish","type":"product","link":"https:\/\/www.latelierfestif.com\/locations\/produit\/luigi-super-mario\/","title":{"rendered":"Luigi Super Mario"},"content":{"rendered":"<p>Ce d\u00e9guisement pour enfant de Luigi sera id\u00e9al pour un carnaval, <strong>une soir\u00e9e \u00e0 th\u00e8me<\/strong> ou un go\u00fbter d&rsquo;anniversaire pour les enfants.<\/p>\n<p>La location de ce d\u00e9guisement de Luigi comprend uniquement la <strong>combinaison et la casquette<\/strong> du personnage.<\/p>\n<p>Compl\u00e9ter ce d\u00e9guisement avec celui de Mario ou de Bowser pour un \u00e9v\u00e9nement \u00e0 th\u00e8me parfait.<\/p>\n<p>&nbsp;<\/p>\n","protected":false},"excerpt":{"rendered":"<p><strong>Transformer votre enfant en Luigi<\/strong> le temps de votre \u00e9v\u00e9nement, location de la combinaison et casquette d&rsquo;un des plus c\u00e9l\u00e8bre plombier !<\/p>\n<p><em>\u00a0<\/em><\/p>\n","protected":false},"featured_media":32191,"comment_status":"closed","ping_status":"closed","template":"","meta":{"wds_primary_product_brand":0,"wds_primary_product_cat":0},"product_brand":[142],"product_cat":[50],"product_tag":[26,51,34],"class_list":{"0":"post-32137","1":"product","2":"type-product","3":"status-publish","4":"has-post-thumbnail","6":"product_brand-latelier-festif","7":"product_cat-deguisements","8":"product_tag-anniversaire","9":"product_tag-carnaval","10":"product_tag-kermesse","12":"first","13":"instock","14":"sold-individually","15":"shipping-taxable","16":"purchasable","17":"product-type-simple"},"_links":{"self":[{"href":"https:\/\/www.latelierfestif.com\/locations\/wp-json\/wp\/v2\/product\/32137","targetHints":{"allow":["GET"]}}],"collection":[{"href":"https:\/\/www.latelierfestif.com\/locations\/wp-json\/wp\/v2\/product"}],"about":[{"href":"https:\/\/www.latelierfestif.com\/locations\/wp-json\/wp\/v2\/types\/product"}],"replies":[{"embeddable":true,"href":"https:\/\/www.latelierfestif.com\/locations\/wp-json\/wp\/v2\/comments?post=32137"}],"wp:featuredmedia":[{"embeddable":true,"href":"https:\/\/www.latelierfestif.com\/locations\/wp-json\/wp\/v2\/media\/32191"}],"wp:attachment":[{"href":"https:\/\/www.latelierfestif.com\/locations\/wp-json\/wp\/v2\/media?parent=32137"}],"wp:term":[{"taxonomy":"product_brand","embeddable":true,"href":"https:\/\/www.latelierfestif.com\/locations\/wp-json\/wp\/v2\/product_brand?post=32137"},{"taxonomy":"product_cat","embeddable":true,"href":"https:\/\/www.latelierfestif.com\/locations\/wp-json\/wp\/v2\/product_cat?post=32137"},{"taxonomy":"product_tag","embeddable":true,"href":"https:\/\/www.latelierfestif.com\/locations\/wp-json\/wp\/v2\/product_tag?post=32137"}],"curies":[{"name":"wp","href":"https:\/\/api.w.org\/{rel}","templated":true}]}}