{"id":32134,"date":"2025-12-02T21:28:43","date_gmt":"2025-12-02T21:28:43","guid":{"rendered":"https:\/\/www.latelierfestif.com\/location\/?post_type=product&#038;p=32134"},"modified":"2026-03-21T08:48:41","modified_gmt":"2026-03-21T07:48:41","slug":"panneaux-de-signalisation-enfant","status":"publish","type":"product","link":"https:\/\/www.latelierfestif.com\/locations\/produit\/panneaux-de-signalisation-enfant\/","title":{"rendered":"Panneaux de signalisation Enfant"},"content":{"rendered":"<p>Pour un anniversaire, un go\u00fbter ou une f\u00eate en ext\u00e9rieur, les panneaux de signalisation sont parfaits pour cr\u00e9er un<strong> parcours ludique pour les enfants<\/strong>. Les panneaux sont faciles \u00e0 d\u00e9placer, ce qui permet de concevoir des circuits en voiture, \u00e0 v\u00e9lo ou en roller. Les enfants pourront ainsi apprendre les r\u00e8gles du code de la route tout en s&rsquo;amusant.<\/p>\n<p>Plusieurs panneaux sont disponibles, avec des symboles tels que la vitesse, l&rsquo;interdiction de tourner ou encore les rond-points. Avec ces panneaux, vous pouvez cr\u00e9er une <strong>exp\u00e9rience d&rsquo;apprentissage amusante et interactive pour les enfants<\/strong>, qui pourront ainsi d\u00e9velopper leurs comp\u00e9tences de conduite et de s\u00e9curit\u00e9 routi\u00e8re.<\/p>\n","protected":false},"excerpt":{"rendered":"<p>Ces <strong>panneaux de signalisation<\/strong> seront id\u00e9al pour cr\u00e9er un v\u00e9ritable parcours \u00e0 suivre en v\u00e9lo, draisienne ou petite voiture pour les enfants.<\/p>\n<p><em>Prix de location \u00e0 la journ\u00e9e, apr\u00e8s votre r\u00e9servation nous vous rappelons par t\u00e9l\u00e9phone pour confirmer avec vous les quantit\u00e9s et la date de retrait.<\/em><\/p>\n","protected":false},"featured_media":32185,"comment_status":"closed","ping_status":"closed","template":"","meta":{"wds_primary_product_brand":0,"wds_primary_product_cat":0},"product_brand":[142],"product_cat":[157],"product_tag":[26,34,64],"class_list":{"0":"post-32134","1":"product","2":"type-product","3":"status-publish","4":"has-post-thumbnail","6":"product_brand-latelier-festif","7":"product_cat-jeux-dexterieur","8":"product_tag-anniversaire","9":"product_tag-kermesse","10":"product_tag-paques","12":"first","13":"instock","14":"shipping-taxable","15":"purchasable","16":"product-type-simple"},"_links":{"self":[{"href":"https:\/\/www.latelierfestif.com\/locations\/wp-json\/wp\/v2\/product\/32134","targetHints":{"allow":["GET"]}}],"collection":[{"href":"https:\/\/www.latelierfestif.com\/locations\/wp-json\/wp\/v2\/product"}],"about":[{"href":"https:\/\/www.latelierfestif.com\/locations\/wp-json\/wp\/v2\/types\/product"}],"replies":[{"embeddable":true,"href":"https:\/\/www.latelierfestif.com\/locations\/wp-json\/wp\/v2\/comments?post=32134"}],"wp:featuredmedia":[{"embeddable":true,"href":"https:\/\/www.latelierfestif.com\/locations\/wp-json\/wp\/v2\/media\/32185"}],"wp:attachment":[{"href":"https:\/\/www.latelierfestif.com\/locations\/wp-json\/wp\/v2\/media?parent=32134"}],"wp:term":[{"taxonomy":"product_brand","embeddable":true,"href":"https:\/\/www.latelierfestif.com\/locations\/wp-json\/wp\/v2\/product_brand?post=32134"},{"taxonomy":"product_cat","embeddable":true,"href":"https:\/\/www.latelierfestif.com\/locations\/wp-json\/wp\/v2\/product_cat?post=32134"},{"taxonomy":"product_tag","embeddable":true,"href":"https:\/\/www.latelierfestif.com\/locations\/wp-json\/wp\/v2\/product_tag?post=32134"}],"curies":[{"name":"wp","href":"https:\/\/api.w.org\/{rel}","templated":true}]}}