{"id":34974,"date":"2026-05-03T18:07:50","date_gmt":"2026-05-03T17:07:50","guid":{"rendered":"https:\/\/www.latelierfestif.com\/locations\/?page_id=34974"},"modified":"2026-05-04T11:37:36","modified_gmt":"2026-05-04T10:37:36","slug":"conditions-offres","status":"publish","type":"page","link":"https:\/\/www.latelierfestif.com\/locations\/conditions-offres\/","title":{"rendered":"Conditions de nos offres promotionnelles"},"content":{"rendered":"\n<div class=\"wp-block-group alignfull is-layout-constrained wp-block-group-is-layout-constrained\" style=\"padding-top:var(--wp--preset--spacing--80);padding-bottom:var(--wp--preset--spacing--80)\">\n<p>Vous trouverez ci-dessous le d\u00e9tail complet des offres promotionnelles actuellement en cours chez L\u2019Atelier Festif. Chaque offre a \u00e9t\u00e9 pens\u00e9e pour vous permettre de profiter de nos animations et locations dans les meilleures conditions. Nous vous invitons \u00e0 consulter attentivement les modalit\u00e9s associ\u00e9es afin de b\u00e9n\u00e9ficier pleinement de ces avantages et pr\u00e9parer sereinement votre \u00e9v\u00e9nement.<\/p>\n<\/div>\n\n\n\n<div class=\"wp-block-group alignfull has-palette-color-6-background-color has-background is-layout-constrained wp-block-group-is-layout-constrained\" style=\"padding-top:7rem;padding-bottom:7rem\">\n<div class=\"wp-block-columns is-layout-flex wp-container-core-columns-is-layout-94d34361 wp-block-columns-is-layout-flex\" style=\"border-bottom-color:#ffffff1a;border-bottom-style:solid;border-bottom-width:1px;margin-bottom:3.7rem;padding-bottom:4rem\">\n<div class=\"wp-block-column is-vertically-aligned-center is-layout-flow wp-block-column-is-layout-flow\" style=\"flex-basis:55%\">\n<h1 class=\"wp-block-heading has-palette-color-4-color has-text-color has-link-color has-xx-large-font-size wp-elements-db01f7b37aac1d237c5544dc26fe56e2\" id=\"the-perfect-theme-for-stunning-websites\" style=\"margin-top:0;margin-bottom:20px;font-style:normal;font-weight:800;line-height:1.2\">Offres Printemps Mai <\/h1>\n\n\n\n<p class=\"has-palette-color-4-color has-text-color has-link-color wp-elements-8c455ada93178e05920eb41f72c74fcb\" style=\"margin-bottom:15px;font-style:normal;font-weight:500\"><em><strong>-10% sur vos locations<\/strong> \/ Offre valable <strong>jusqu\u2019au 15 mai inclus<\/strong><\/em><\/p>\n\n\n\n<p><strong>Conditions d\u2019application<\/strong><\/p>\n\n\n\n<ul class=\"wp-block-list\">\n<li>La remise de <strong>-10% s\u2019applique sur le montant total de la location de mat\u00e9riel \u00e9v\u00e9nementiel (hors frais de livraison)<\/strong><\/li>\n\n\n\n<li>La remise de -10% s\u2019applique uniquement aux devis \u00e9mis et sign\u00e9s entre le 1er mai et le 15 mai inclus. Toute validation en dehors de cette p\u00e9riode ne pourra pas b\u00e9n\u00e9ficier de l\u2019offre, m\u00eame si le devis a \u00e9t\u00e9 \u00e9tabli pendant celle-ci.<\/li>\n\n\n\n<li>Offre valable pour toute <strong>r\u00e9servation confirm\u00e9e (devis sign\u00e9)<\/strong> avant le 15 mai<\/li>\n\n\n\n<li>Offre applicable pour des \u00e9v\u00e9nements <strong>ayant lieu apr\u00e8s cette date<\/strong>, sous r\u00e9serve de disponibilit\u00e9<\/li>\n\n\n\n<li>Non cumulable avec d\u2019autres offres ou remises en cours<\/li>\n\n\n\n<li>Offre valable pour les particuliers, entreprises et associations<\/li>\n<\/ul>\n\n\n\n<p><strong>Disponibilit\u00e9<\/strong><\/p>\n\n\n\n<p>Les r\u00e9servations sont trait\u00e9es dans l\u2019ordre de validation des devis. Certaines dates peuvent \u00eatre rapidement compl\u00e8tes, notamment en p\u00e9riode printani\u00e8re et estivale.<\/p>\n\n\n\n<p><strong>R\u00e9servation<\/strong><\/p>\n\n\n\n<p class=\"has-palette-color-4-color has-text-color has-link-color wp-elements-4d7016ada0159af098346cce444f4726\">Pour b\u00e9n\u00e9ficier de cette offre, il vous suffit de :<\/p>\n\n\n\n<ul class=\"wp-block-list\">\n<li>Valider votre r\u00e9servation avant la date limite<\/li>\n\n\n\n<li>Faire une demande de devis<\/li>\n<\/ul>\n<\/div>\n\n\n\n<div class=\"wp-block-column is-vertically-aligned-top is-layout-flow wp-block-column-is-layout-flow\">\n<figure class=\"wp-block-image size-full has-custom-border\"><img decoding=\"async\" width=\"1254\" height=\"1254\" data-src=\"https:\/\/www.latelierfestif.com\/locations\/wp-content\/uploads\/Promo_printemps_2026_latelier_festif.jpg\" alt=\"\" class=\"wp-image-35040 lazyload\" style=\"--smush-placeholder-width: 1254px; --smush-placeholder-aspect-ratio: 1254\/1254;border-radius:25px;aspect-ratio:1;object-fit:cover\" data-srcset=\"https:\/\/www.latelierfestif.com\/locations\/wp-content\/uploads\/Promo_printemps_2026_latelier_festif.jpg 1254w, https:\/\/www.latelierfestif.com\/locations\/wp-content\/uploads\/Promo_printemps_2026_latelier_festif-768x768.jpg 768w, https:\/\/www.latelierfestif.com\/locations\/wp-content\/uploads\/Promo_printemps_2026_latelier_festif-500x500.jpg 500w, https:\/\/www.latelierfestif.com\/locations\/wp-content\/uploads\/Promo_printemps_2026_latelier_festif-300x300.jpg 300w, https:\/\/www.latelierfestif.com\/locations\/wp-content\/uploads\/Promo_printemps_2026_latelier_festif-600x600.jpg 600w, https:\/\/www.latelierfestif.com\/locations\/wp-content\/uploads\/Promo_printemps_2026_latelier_festif-100x100.jpg 100w\" data-sizes=\"auto, (max-width: 1254px) 100vw, 1254px\" src=\"data:image\/svg+xml;base64,PHN2ZyB3aWR0aD0iMSIgaGVpZ2h0PSIxIiB4bWxucz0iaHR0cDovL3d3dy53My5vcmcvMjAwMC9zdmciPjwvc3ZnPg==\" \/><\/figure>\n\n\n\n<div class=\"wp-block-buttons alignwide is-content-justification-center is-layout-flex wp-container-core-buttons-is-layout-a89b3969 wp-block-buttons-is-layout-flex\">\n<div class=\"wp-block-button\"><a class=\"wp-block-button__link has-text-align-center wp-element-button\" href=\"https:\/\/www.latelierfestif.com\/locations\/\">PROFITER DE L&rsquo;OFFRE<\/a><\/div>\n<\/div>\n<\/div>\n<\/div>\n<\/div>\n\n\n\n<div class=\"wp-block-group alignfull is-layout-constrained wp-block-group-is-layout-constrained\" style=\"padding-top:var(--wp--preset--spacing--80);padding-bottom:var(--wp--preset--spacing--80)\">\n<h2 class=\"wp-block-heading\">\ud83c\udf89 \u00c0 propos de L\u2019Atelier Festif<\/h2>\n\n\n\n<p>L\u2019Atelier Festif met \u00e0 votre disposition une large gamme de mat\u00e9riel \u00e9v\u00e9nementiel en location, des animations gourmandes ou cr\u00e9atives conviviales, ainsi que des d\u00e9corations ballons personnalis\u00e9es pour sublimer vos \u00e9v\u00e9nements. Que vous soyez particulier, entreprise ou comit\u00e9 d\u2019entreprise, nous vous accompagnons pour cr\u00e9er une ambiance festive et adapt\u00e9e \u00e0 vos besoins !<\/p>\n\n\n\n<h2 class=\"wp-block-heading\">\u2139\ufe0f Informations compl\u00e9mentaires<\/h2>\n\n\n\n<p>L\u2019Atelier Festif se r\u00e9serve le droit de modifier ou d\u2019interrompre une offre promotionnelle \u00e0 tout moment, sans pr\u00e9avis, en cas de circonstances exceptionnelles.<\/p>\n<\/div>\n","protected":false},"excerpt":{"rendered":"<p>D\u00e9couvrez nos offres promotionnelles sur la location de jeux en bois. Consultez toutes les conditions et r\u00e9servez d\u00e8s maintenant.<\/p>\n","protected":false},"author":1,"featured_media":0,"parent":0,"menu_order":0,"comment_status":"closed","ping_status":"closed","template":"","meta":{"footnotes":""},"class_list":["post-34974","page","type-page","status-publish","hentry"],"blocksy_meta":[],"_links":{"self":[{"href":"https:\/\/www.latelierfestif.com\/locations\/wp-json\/wp\/v2\/pages\/34974","targetHints":{"allow":["GET"]}}],"collection":[{"href":"https:\/\/www.latelierfestif.com\/locations\/wp-json\/wp\/v2\/pages"}],"about":[{"href":"https:\/\/www.latelierfestif.com\/locations\/wp-json\/wp\/v2\/types\/page"}],"author":[{"embeddable":true,"href":"https:\/\/www.latelierfestif.com\/locations\/wp-json\/wp\/v2\/users\/1"}],"replies":[{"embeddable":true,"href":"https:\/\/www.latelierfestif.com\/locations\/wp-json\/wp\/v2\/comments?post=34974"}],"version-history":[{"count":0,"href":"https:\/\/www.latelierfestif.com\/locations\/wp-json\/wp\/v2\/pages\/34974\/revisions"}],"wp:attachment":[{"href":"https:\/\/www.latelierfestif.com\/locations\/wp-json\/wp\/v2\/media?parent=34974"}],"curies":[{"name":"wp","href":"https:\/\/api.w.org\/{rel}","templated":true}]}}