{"id":25972,"date":"2021-07-12T17:17:44","date_gmt":"2021-07-12T15:17:44","guid":{"rendered":"https:\/\/www.latelierfestif.com\/locations\/?page_id=25972"},"modified":"2025-12-03T10:53:35","modified_gmt":"2025-12-03T09:53:35","slug":"devis","status":"publish","type":"page","link":"https:\/\/www.latelierfestif.com\/locations\/devis\/","title":{"rendered":"Demande de devis"},"content":{"rendered":"<h1>DEMANDE DE DEVIS<\/h1>\t\t\n\t\t<p>D\u00e8s <strong>r\u00e9ception de votre demande de devis<\/strong>, nous vous enverrons votre proposition dans les plus brefs d\u00e9lais et nous vous contacterons dans les 48 heures. Si vous avez besoin de plus d&rsquo;informations, si vous souhaitez <strong>personnaliser un jeu<\/strong>, ajouter une prestation de d\u00e9coration, d&rsquo;achat d&rsquo;articles de f\u00eates ou r\u00e9server une date sp\u00e9cifique, n&rsquo;h\u00e9sitez pas \u00e0 nous contacter !<br \/><br \/>Veuillez noter que <strong>les frais de livraison ou les co\u00fbts suppl\u00e9mentaires<\/strong> pour les fournitures telles que le sucre pour la barbe \u00e0 papa ne sont pas inclus dans les prix indiqu\u00e9s sur votre demande de devis. Les tarifs correspondants \u00e0 votre lieu de livraison seront pr\u00e9cis\u00e9s dans la proposition de devis que nous vous enverrons.<\/p>\n","protected":false},"excerpt":{"rendered":"<p>DEMANDE DE DEVIS D\u00e8s r\u00e9ception de votre demande de devis, nous vous enverrons votre proposition dans les plus brefs d\u00e9lais et nous vous contacterons dans les 48 heures. Si vous avez besoin de plus d&rsquo;informations, si vous souhaitez personnaliser un jeu, ajouter une prestation de d\u00e9coration, d&rsquo;achat d&rsquo;articles de f\u00eates ou r\u00e9server une date sp\u00e9cifique, [&hellip;]<\/p>\n","protected":false},"author":1,"featured_media":0,"parent":0,"menu_order":0,"comment_status":"closed","ping_status":"closed","template":"","meta":{"footnotes":""},"class_list":["post-25972","page","type-page","status-publish","hentry"],"blocksy_meta":[],"_links":{"self":[{"href":"https:\/\/www.latelierfestif.com\/locations\/wp-json\/wp\/v2\/pages\/25972","targetHints":{"allow":["GET"]}}],"collection":[{"href":"https:\/\/www.latelierfestif.com\/locations\/wp-json\/wp\/v2\/pages"}],"about":[{"href":"https:\/\/www.latelierfestif.com\/locations\/wp-json\/wp\/v2\/types\/page"}],"author":[{"embeddable":true,"href":"https:\/\/www.latelierfestif.com\/locations\/wp-json\/wp\/v2\/users\/1"}],"replies":[{"embeddable":true,"href":"https:\/\/www.latelierfestif.com\/locations\/wp-json\/wp\/v2\/comments?post=25972"}],"version-history":[{"count":0,"href":"https:\/\/www.latelierfestif.com\/locations\/wp-json\/wp\/v2\/pages\/25972\/revisions"}],"wp:attachment":[{"href":"https:\/\/www.latelierfestif.com\/locations\/wp-json\/wp\/v2\/media?parent=25972"}],"curies":[{"name":"wp","href":"https:\/\/api.w.org\/{rel}","templated":true}]}}